{"id":12372,"date":"2026-02-23T10:11:29","date_gmt":"2026-02-23T10:11:29","guid":{"rendered":"https:\/\/lofuta.com\/?post_type=product&#038;p=12372"},"modified":"2026-04-17T08:32:46","modified_gmt":"2026-04-17T08:32:46","slug":"toprak-iz-dortlu-duvar-dokumasi","status":"publish","type":"product","link":"https:\/\/lofuta.com\/en\/product\/toprak-iz-dortlu-duvar-dokumasi\/","title":{"rendered":"Grounded Echoes Wall Tapestry"},"content":{"rendered":"<p><b data-path-to-node=\"3\" data-index-in-node=\"0\">&#8220;G\u00f6lgelerle Dans&#8221;<\/b> ikili duvar panosu seti, geleneksel punch needle (i\u011fne ard\u0131) tekni\u011fini modern ve soyut bir estetikle birle\u015ftirerek ya\u015fam alanlar\u0131n\u0131za derinlik katar. Her biri <b data-path-to-node=\"3\" data-index-in-node=\"177\">19&#215;19 cm<\/b> \u00f6l\u00e7\u00fclerinde olan bu el yap\u0131m\u0131 eserler, dokulu siyah motiflerin yaratt\u0131\u011f\u0131 kontrast ve \u00fc\u00e7 boyutlu hissiyle minimalist dekorasyonlar i\u00e7in hem zarif hem de karakteristik bir odak noktas\u0131 olu\u015fturur.<\/p>\n<p>The <b data-path-to-node=\"6\" data-index-in-node=\"4\">&#8220;Dance with Shadows&#8221;<\/b> wall tapestry set brings a sophisticated depth to your living spaces by blending traditional punch needle techniques with modern abstract aesthetics. Measuring <b data-path-to-node=\"6\" data-index-in-node=\"185\">19&#215;19 cm<\/b> each, these handmade pieces combine the warmth of artisanal craftsmanship with striking textured black motifs, creating an elegant and three-dimensional focal point for contemporary interiors.<\/p>\n<p>&nbsp;<\/p>","protected":false},"excerpt":{"rendered":"<p>&#8220;G\u00f6lgelerle Dans&#8221; ikili duvar panosu seti, geleneksel punch needle (i\u011fne ard\u0131) tekni\u011fini modern ve soyut bir estetikle birle\u015ftirerek ya\u015fam alanlar\u0131n\u0131za derinlik katar. Her biri 19&#215;19 cm \u00f6l\u00e7\u00fclerinde olan bu el yap\u0131m\u0131 eserler, dokulu siyah motiflerin yaratt\u0131\u011f\u0131 kontrast ve \u00fc\u00e7 boyutlu hissiyle minimalist dekorasyonlar i\u00e7in hem&#8230;<\/p>","protected":false},"featured_media":12383,"comment_status":"open","ping_status":"closed","template":"","meta":{"inline_featured_image":false},"product_brand":[],"product_cat":[781],"product_tag":[],"class_list":{"0":"post-12372","1":"product","2":"type-product","3":"status-publish","4":"has-post-thumbnail","6":"product_cat-wall-art","8":"first","9":"instock","10":"shipping-taxable","11":"purchasable","12":"product-type-simple"},"_links":{"self":[{"href":"https:\/\/lofuta.com\/en\/wp-json\/wp\/v2\/product\/12372","targetHints":{"allow":["GET"]}}],"collection":[{"href":"https:\/\/lofuta.com\/en\/wp-json\/wp\/v2\/product"}],"about":[{"href":"https:\/\/lofuta.com\/en\/wp-json\/wp\/v2\/types\/product"}],"replies":[{"embeddable":true,"href":"https:\/\/lofuta.com\/en\/wp-json\/wp\/v2\/comments?post=12372"}],"wp:featuredmedia":[{"embeddable":true,"href":"https:\/\/lofuta.com\/en\/wp-json\/wp\/v2\/media\/12383"}],"wp:attachment":[{"href":"https:\/\/lofuta.com\/en\/wp-json\/wp\/v2\/media?parent=12372"}],"wp:term":[{"taxonomy":"product_brand","embeddable":true,"href":"https:\/\/lofuta.com\/en\/wp-json\/wp\/v2\/product_brand?post=12372"},{"taxonomy":"product_cat","embeddable":true,"href":"https:\/\/lofuta.com\/en\/wp-json\/wp\/v2\/product_cat?post=12372"},{"taxonomy":"product_tag","embeddable":true,"href":"https:\/\/lofuta.com\/en\/wp-json\/wp\/v2\/product_tag?post=12372"}],"curies":[{"name":"wp","href":"https:\/\/api.w.org\/{rel}","templated":true}]}}