{"id":12310,"date":"2025-12-29T18:11:17","date_gmt":"2025-12-29T18:11:17","guid":{"rendered":"https:\/\/lofuta.com\/?post_type=product&#038;p=12310"},"modified":"2026-04-17T08:46:53","modified_gmt":"2026-04-17T08:46:53","slug":"buta-motifli-dekoratif-kirlent","status":"publish","type":"product","link":"https:\/\/lofuta.com\/en\/product\/buta-motifli-dekoratif-kirlent\/","title":{"rendered":"The \"Buta\" motif cushion cover"},"content":{"rendered":"<p><b data-path-to-node=\"3\" data-index-in-node=\"0\">&#8220;Buta&#8221;<\/b> motifli \u00f6zel tasar\u0131m k\u0131rlent, geleneksel T\u00fcrk pazen kuma\u015f\u0131n\u0131n pamuklu dokuma \u00fczerine \u00f6zenli bir nak\u0131\u015f i\u015f\u00e7ili\u011fiyle uygulanmas\u0131yla hayat buluyor. Kadim k\u00fclt\u00fcrlerde ya\u015fam enerjisini ve sonsuzlu\u011fu simgeleyen buta sembol\u00fcn\u00fc ta\u015f\u0131yan bu <b data-path-to-node=\"3\" data-index-in-node=\"237\">45&#215;45 cm<\/b> \u00f6l\u00e7\u00fclerindeki par\u00e7a, geleneksel tekstil miras\u0131m\u0131z\u0131 modern mekanlara ta\u015f\u0131rken, do\u011fal dokusu ve el eme\u011fi detay\u0131yla dekorasyonunuza karakteristik bir s\u0131cakl\u0131k kat\u0131yor.<\/p>\n<p>&nbsp;<\/p>\n<p>This specially designed cushion cover features the <b data-path-to-node=\"6\" data-index-in-node=\"51\">&#8220;Buta&#8221;<\/b> motif, crafted by embroidering traditional Turkish flannelette (<i data-path-to-node=\"6\" data-index-in-node=\"122\">pazen<\/i>) fabric onto a cotton woven base. Carrying the ancient symbol of life force and eternity, this <b data-path-to-node=\"6\" data-index-in-node=\"223\">45&#215;45 cm<\/b> piece brings Turkey\u2019s textile heritage into modern spaces, adding a characteristic warmth to your decor with its natural texture and artisanal embroidery details.<\/p>","protected":false},"excerpt":{"rendered":"<p>&#8220;Buta&#8221; motifli \u00f6zel tasar\u0131m k\u0131rlent, geleneksel T\u00fcrk pazen kuma\u015f\u0131n\u0131n pamuklu dokuma \u00fczerine \u00f6zenli bir nak\u0131\u015f i\u015f\u00e7ili\u011fiyle uygulanmas\u0131yla hayat buluyor. Kadim k\u00fclt\u00fcrlerde ya\u015fam enerjisini ve sonsuzlu\u011fu simgeleyen buta sembol\u00fcn\u00fc ta\u015f\u0131yan bu 45&#215;45 cm \u00f6l\u00e7\u00fclerindeki par\u00e7a, geleneksel tekstil miras\u0131m\u0131z\u0131 modern mekanlara ta\u015f\u0131rken, do\u011fal dokusu ve el eme\u011fi&#8230;<\/p>","protected":false},"featured_media":12477,"comment_status":"open","ping_status":"closed","template":"","meta":{"inline_featured_image":false},"product_brand":[],"product_cat":[15,782],"product_tag":[],"class_list":{"0":"post-12310","1":"product","2":"type-product","3":"status-publish","4":"has-post-thumbnail","6":"product_cat-genel","7":"product_cat-kirlent","9":"first","10":"instock","11":"shipping-taxable","12":"purchasable","13":"product-type-simple"},"_links":{"self":[{"href":"https:\/\/lofuta.com\/en\/wp-json\/wp\/v2\/product\/12310","targetHints":{"allow":["GET"]}}],"collection":[{"href":"https:\/\/lofuta.com\/en\/wp-json\/wp\/v2\/product"}],"about":[{"href":"https:\/\/lofuta.com\/en\/wp-json\/wp\/v2\/types\/product"}],"replies":[{"embeddable":true,"href":"https:\/\/lofuta.com\/en\/wp-json\/wp\/v2\/comments?post=12310"}],"wp:featuredmedia":[{"embeddable":true,"href":"https:\/\/lofuta.com\/en\/wp-json\/wp\/v2\/media\/12477"}],"wp:attachment":[{"href":"https:\/\/lofuta.com\/en\/wp-json\/wp\/v2\/media?parent=12310"}],"wp:term":[{"taxonomy":"product_brand","embeddable":true,"href":"https:\/\/lofuta.com\/en\/wp-json\/wp\/v2\/product_brand?post=12310"},{"taxonomy":"product_cat","embeddable":true,"href":"https:\/\/lofuta.com\/en\/wp-json\/wp\/v2\/product_cat?post=12310"},{"taxonomy":"product_tag","embeddable":true,"href":"https:\/\/lofuta.com\/en\/wp-json\/wp\/v2\/product_tag?post=12310"}],"curies":[{"name":"wp","href":"https:\/\/api.w.org\/{rel}","templated":true}]}}