{"id":12306,"date":"2025-12-29T18:08:06","date_gmt":"2025-12-29T18:08:06","guid":{"rendered":"https:\/\/lofuta.com\/?post_type=product&#038;p=12306"},"modified":"2026-04-17T08:51:42","modified_gmt":"2026-04-17T08:51:42","slug":"yildiz-motifli-dekoratif-kirlent","status":"publish","type":"product","link":"https:\/\/lofuta.com\/en\/product\/yildiz-motifli-dekoratif-kirlent\/","title":{"rendered":"The \"Star\" motif cushion cover"},"content":{"rendered":"<p data-path-to-node=\"3\"><b data-path-to-node=\"3\" data-index-in-node=\"0\">&#8220;Y\u0131ld\u0131z&#8221;<\/b> motifli el yap\u0131m\u0131 k\u0131rlent, geleneksel T\u00fcrk pazen kuma\u015f\u0131n\u0131n pamuklu dokuma \u00fczerine titiz bir nak\u0131\u015f i\u015f\u00e7ili\u011fiyle i\u015flenmesiyle \u00fcretilmi\u015ftir. Anadolu kilim desenlerinden ilham alan ve umudu, rehberli\u011fi ve koruyucu g\u00fcc\u00fc simgeleyen bu <b data-path-to-node=\"3\" data-index-in-node=\"237\">45&#215;45 cm<\/b> \u00f6l\u00e7\u00fclerindeki tasar\u0131m, k\u00fclt\u00fcrel miras\u0131m\u0131z\u0131 modern bir estetikle birle\u015ftirerek ya\u015fam alanlar\u0131n\u0131za hem anlaml\u0131 hem de s\u0131cak bir dokunu\u015f katar.<\/p>\n<p data-path-to-node=\"3\">\n<p data-path-to-node=\"6\">The <b data-path-to-node=\"6\" data-index-in-node=\"4\">&#8220;Star&#8221;<\/b> motif handmade cushion cover is crafted by meticulously embroidering traditional Turkish flannelette (<i data-path-to-node=\"6\" data-index-in-node=\"113\">pazen<\/i>) fabric onto a cotton woven base. Inspired by Anatolian kilim patterns and symbolizing hope, guidance, and protective energy, this <b data-path-to-node=\"6\" data-index-in-node=\"250\">45&#215;45 cm<\/b> piece blends cultural heritage with modern aesthetics, adding a meaningful and warm touch to your living spaces.<\/p>","protected":false},"excerpt":{"rendered":"<p>&#8220;Y\u0131ld\u0131z&#8221; motifli el yap\u0131m\u0131 k\u0131rlent, geleneksel T\u00fcrk pazen kuma\u015f\u0131n\u0131n pamuklu dokuma \u00fczerine titiz bir nak\u0131\u015f i\u015f\u00e7ili\u011fiyle i\u015flenmesiyle \u00fcretilmi\u015ftir. Anadolu kilim desenlerinden ilham alan ve umudu, rehberli\u011fi ve koruyucu g\u00fcc\u00fc simgeleyen bu 45&#215;45 cm \u00f6l\u00e7\u00fclerindeki tasar\u0131m, k\u00fclt\u00fcrel miras\u0131m\u0131z\u0131 modern bir estetikle birle\u015ftirerek ya\u015fam alanlar\u0131n\u0131za hem anlaml\u0131&#8230;<\/p>","protected":false},"featured_media":12478,"comment_status":"open","ping_status":"closed","template":"","meta":{"inline_featured_image":false},"product_brand":[],"product_cat":[15,782],"product_tag":[],"class_list":{"0":"post-12306","1":"product","2":"type-product","3":"status-publish","4":"has-post-thumbnail","6":"product_cat-genel","7":"product_cat-kirlent","9":"first","10":"instock","11":"shipping-taxable","12":"purchasable","13":"product-type-simple"},"_links":{"self":[{"href":"https:\/\/lofuta.com\/en\/wp-json\/wp\/v2\/product\/12306","targetHints":{"allow":["GET"]}}],"collection":[{"href":"https:\/\/lofuta.com\/en\/wp-json\/wp\/v2\/product"}],"about":[{"href":"https:\/\/lofuta.com\/en\/wp-json\/wp\/v2\/types\/product"}],"replies":[{"embeddable":true,"href":"https:\/\/lofuta.com\/en\/wp-json\/wp\/v2\/comments?post=12306"}],"wp:featuredmedia":[{"embeddable":true,"href":"https:\/\/lofuta.com\/en\/wp-json\/wp\/v2\/media\/12478"}],"wp:attachment":[{"href":"https:\/\/lofuta.com\/en\/wp-json\/wp\/v2\/media?parent=12306"}],"wp:term":[{"taxonomy":"product_brand","embeddable":true,"href":"https:\/\/lofuta.com\/en\/wp-json\/wp\/v2\/product_brand?post=12306"},{"taxonomy":"product_cat","embeddable":true,"href":"https:\/\/lofuta.com\/en\/wp-json\/wp\/v2\/product_cat?post=12306"},{"taxonomy":"product_tag","embeddable":true,"href":"https:\/\/lofuta.com\/en\/wp-json\/wp\/v2\/product_tag?post=12306"}],"curies":[{"name":"wp","href":"https:\/\/api.w.org\/{rel}","templated":true}]}}