{"id":12295,"date":"2025-12-29T16:08:05","date_gmt":"2025-12-29T16:08:05","guid":{"rendered":"https:\/\/lofuta.com\/?post_type=product&#038;p=12295"},"modified":"2026-04-17T08:53:41","modified_gmt":"2026-04-17T08:53:41","slug":"hayat-agaci-motifli-dekoratif-kirlent","status":"publish","type":"product","link":"https:\/\/lofuta.com\/en\/product\/hayat-agaci-motifli-dekoratif-kirlent\/","title":{"rendered":"The \"Life Tree\" motif cushion cover"},"content":{"rendered":"<p data-path-to-node=\"3\"><b data-path-to-node=\"3\" data-index-in-node=\"0\">&#8220;Hayat A\u011fac\u0131&#8221;<\/b> motifli el yap\u0131m\u0131 k\u0131rlent, geleneksel T\u00fcrk pazen kuma\u015f\u0131n\u0131n pamuklu dokuma \u00fczerine titiz bir nak\u0131\u015f i\u015f\u00e7ili\u011fiyle uygulanmas\u0131yla \u00fcretilmi\u015ftir. Bir\u00e7ok kadim k\u00fclt\u00fcrde ya\u015fam\u0131n s\u00fcreklili\u011fini, derin k\u00f6kleri ve yeniden do\u011fu\u015fu simgeleyen bu <b data-path-to-node=\"3\" data-index-in-node=\"244\">45&#215;45 cm<\/b> \u00f6l\u00e7\u00fclerindeki tasar\u0131m, k\u00fclt\u00fcrel bir sembol\u00fc modern dekorasyon anlay\u0131\u015f\u0131yla birle\u015ftirerek ya\u015fam alanlar\u0131n\u0131za hem zamans\u0131z bir anlam hem de el eme\u011finin s\u0131cakl\u0131\u011f\u0131n\u0131 katar.<\/p>\n<p data-path-to-node=\"6\">The <b data-path-to-node=\"6\" data-index-in-node=\"4\">&#8220;Tree of Life&#8221;<\/b> handmade cushion cover is crafted by meticulously embroidering traditional Turkish flannelette (<i data-path-to-node=\"6\" data-index-in-node=\"115\">pazen<\/i>) fabric onto a cotton woven base. Symbolizing the continuity of life, deep roots, and rebirth across many ancient cultures, this <b data-path-to-node=\"6\" data-index-in-node=\"250\">45&#215;45 cm<\/b> piece blends a timeless cultural motif with modern interior design, adding both profound meaning and the warmth of artisanal craftsmanship to your home.<\/p>","protected":false},"excerpt":{"rendered":"<p>&#8220;Hayat A\u011fac\u0131&#8221; motifli el yap\u0131m\u0131 k\u0131rlent, geleneksel T\u00fcrk pazen kuma\u015f\u0131n\u0131n pamuklu dokuma \u00fczerine titiz bir nak\u0131\u015f i\u015f\u00e7ili\u011fiyle uygulanmas\u0131yla \u00fcretilmi\u015ftir. Bir\u00e7ok kadim k\u00fclt\u00fcrde ya\u015fam\u0131n s\u00fcreklili\u011fini, derin k\u00f6kleri ve yeniden do\u011fu\u015fu simgeleyen bu 45&#215;45 cm \u00f6l\u00e7\u00fclerindeki tasar\u0131m, k\u00fclt\u00fcrel bir sembol\u00fc modern dekorasyon anlay\u0131\u015f\u0131yla birle\u015ftirerek ya\u015fam alanlar\u0131n\u0131za hem&#8230;<\/p>","protected":false},"featured_media":12482,"comment_status":"open","ping_status":"closed","template":"","meta":{"inline_featured_image":false},"product_brand":[],"product_cat":[15,782],"product_tag":[],"class_list":{"0":"post-12295","1":"product","2":"type-product","3":"status-publish","4":"has-post-thumbnail","6":"product_cat-genel","7":"product_cat-kirlent","9":"first","10":"instock","11":"shipping-taxable","12":"purchasable","13":"product-type-simple"},"_links":{"self":[{"href":"https:\/\/lofuta.com\/en\/wp-json\/wp\/v2\/product\/12295","targetHints":{"allow":["GET"]}}],"collection":[{"href":"https:\/\/lofuta.com\/en\/wp-json\/wp\/v2\/product"}],"about":[{"href":"https:\/\/lofuta.com\/en\/wp-json\/wp\/v2\/types\/product"}],"replies":[{"embeddable":true,"href":"https:\/\/lofuta.com\/en\/wp-json\/wp\/v2\/comments?post=12295"}],"wp:featuredmedia":[{"embeddable":true,"href":"https:\/\/lofuta.com\/en\/wp-json\/wp\/v2\/media\/12482"}],"wp:attachment":[{"href":"https:\/\/lofuta.com\/en\/wp-json\/wp\/v2\/media?parent=12295"}],"wp:term":[{"taxonomy":"product_brand","embeddable":true,"href":"https:\/\/lofuta.com\/en\/wp-json\/wp\/v2\/product_brand?post=12295"},{"taxonomy":"product_cat","embeddable":true,"href":"https:\/\/lofuta.com\/en\/wp-json\/wp\/v2\/product_cat?post=12295"},{"taxonomy":"product_tag","embeddable":true,"href":"https:\/\/lofuta.com\/en\/wp-json\/wp\/v2\/product_tag?post=12295"}],"curies":[{"name":"wp","href":"https:\/\/api.w.org\/{rel}","templated":true}]}}