{"id":12260,"date":"2025-12-18T10:43:57","date_gmt":"2025-12-18T10:43:57","guid":{"rendered":"https:\/\/lofuta.com\/?post_type=product&#038;p=12260"},"modified":"2026-04-18T09:07:22","modified_gmt":"2026-04-18T09:07:22","slug":"clutch-bag-black","status":"publish","type":"product","link":"https:\/\/lofuta.com\/en\/product\/clutch-bag-black\/","title":{"rendered":"Lofuta Clutch Bag-Black"},"content":{"rendered":"<p data-path-to-node=\"13\">&#8220;Sessiz l\u00fcks&#8221; anlay\u0131\u015f\u0131yla tasarland\u0131. Kaliteli kanvas dokusu ve modern nak\u0131\u015flar\u0131yla stilinizi tamamlayan rafine bir dokunu\u015f.<\/p>\n<p data-path-to-node=\"13\">Designed with a &#8220;quiet luxury&#8221; approach. A refined touch that completes your style with its high-quality canvas texture and modern embroidery.<\/p>","protected":false},"excerpt":{"rendered":"<p>&#8220;Sessiz l\u00fcks&#8221; anlay\u0131\u015f\u0131yla tasarland\u0131. Kaliteli kanvas dokusu ve modern nak\u0131\u015flar\u0131yla stilinizi tamamlayan rafine bir dokunu\u015f. Designed with a &#8220;quiet luxury&#8221; approach. A refined touch that completes your style with its high-quality canvas texture and modern embroidery.<\/p>","protected":false},"featured_media":12534,"comment_status":"open","ping_status":"closed","template":"","meta":{"inline_featured_image":false},"product_brand":[],"product_cat":[707,15],"product_tag":[807,815,820,811,812,818,810,809,821,806,816,808,814,805,817,819,813],"class_list":{"0":"post-12260","1":"product","2":"type-product","3":"status-publish","4":"has-post-thumbnail","6":"product_cat-canta","7":"product_cat-genel","8":"product_tag-0-pamuk","9":"product_tag-bohem-siklik","10":"product_tag-el-cantasi","11":"product_tag-el-isciligi","12":"product_tag-gece-cantasi","13":"product_tag-kadin-aksesuar","14":"product_tag-lofuta-tasarim","15":"product_tag-minimalist-aksesuar","16":"product_tag-minimalist-canta","17":"product_tag-nakisli-canta","18":"product_tag-pamuklu-portfoy","19":"product_tag-portfoy-canta","20":"product_tag-sessiz-luks","21":"product_tag-siyah-clutch","22":"product_tag-siyah-nakisli-canta","23":"product_tag-surdurulebilir-moda","24":"product_tag-zamansiz-stil","26":"first","27":"instock","28":"shipping-taxable","29":"purchasable","30":"product-type-simple"},"_links":{"self":[{"href":"https:\/\/lofuta.com\/en\/wp-json\/wp\/v2\/product\/12260","targetHints":{"allow":["GET"]}}],"collection":[{"href":"https:\/\/lofuta.com\/en\/wp-json\/wp\/v2\/product"}],"about":[{"href":"https:\/\/lofuta.com\/en\/wp-json\/wp\/v2\/types\/product"}],"replies":[{"embeddable":true,"href":"https:\/\/lofuta.com\/en\/wp-json\/wp\/v2\/comments?post=12260"}],"wp:featuredmedia":[{"embeddable":true,"href":"https:\/\/lofuta.com\/en\/wp-json\/wp\/v2\/media\/12534"}],"wp:attachment":[{"href":"https:\/\/lofuta.com\/en\/wp-json\/wp\/v2\/media?parent=12260"}],"wp:term":[{"taxonomy":"product_brand","embeddable":true,"href":"https:\/\/lofuta.com\/en\/wp-json\/wp\/v2\/product_brand?post=12260"},{"taxonomy":"product_cat","embeddable":true,"href":"https:\/\/lofuta.com\/en\/wp-json\/wp\/v2\/product_cat?post=12260"},{"taxonomy":"product_tag","embeddable":true,"href":"https:\/\/lofuta.com\/en\/wp-json\/wp\/v2\/product_tag?post=12260"}],"curies":[{"name":"wp","href":"https:\/\/api.w.org\/{rel}","templated":true}]}}