{"id":12021,"date":"2025-10-02T10:47:57","date_gmt":"2025-10-02T10:47:57","guid":{"rendered":"https:\/\/lofuta.com\/?post_type=product&#038;p=12021"},"modified":"2026-04-17T06:51:42","modified_gmt":"2026-04-17T06:51:42","slug":"mini-tote-bag-simple","status":"publish","type":"product","link":"https:\/\/lofuta.com\/en\/product\/mini-tote-bag-simple\/","title":{"rendered":"Mini Tote Bag-Simple"},"content":{"rendered":"<p data-start=\"146\" data-end=\"392\">Featuring a modern touch with minimalist lines <strong data-start=\"195\" data-end=\"221\">Lofuta canvas tote bag<\/strong>, g\u00fcnl\u00fck stilinizi tamamlamak i\u00e7in tasarland\u0131. %100 do\u011fal pamuktan \u00fcretilmi\u015f bu dayan\u0131kl\u0131 \u00e7anta, el i\u015f\u00e7ili\u011fi detaylar\u0131yla benzersiz bir karakter kazan\u0131yor.<\/p>\n<p data-start=\"394\" data-end=\"670\">With its spacious interior, it is the perfect companion for every moment\u2014from daily errands and shopping to carrying your favorite books or weekend getaways. The thick, textured fabric ensures long-lasting durability, while Lofuta\u2019s signature design lines make it a truly timeless and original piece.<\/p>\n<p data-start=\"394\" data-end=\"670\">(Approx.) 22 cm X 30 cm<\/p>\n<ul data-start=\"672\" data-end=\"856\">\n<li data-start=\"672\" data-end=\"717\">\n<p data-start=\"674\" data-end=\"717\"><strong data-start=\"674\" data-end=\"687\">Material:<\/strong> 100% Cotton, Handmade Embroidery<\/p>\n<\/li>\n<li data-start=\"718\" data-end=\"758\">\n<p data-start=\"720\" data-end=\"758\"><strong data-start=\"720\" data-end=\"729\">Color:<\/strong> Ekru<\/p>\n<\/li>\n<li data-start=\"810\" data-end=\"856\">\n<p data-start=\"812\" data-end=\"856\"><strong data-start=\"812\" data-end=\"822\">Care:<\/strong> Hand wash in cold water recommended<\/p>\n<\/li>\n<\/ul>\n<p data-start=\"858\" data-end=\"956\">Each bag is uniquely handmade, supporting the slow fashion movement and sustainable living.<\/p>","protected":false},"excerpt":{"rendered":"<p>Minimalist \u00e7izgilerle modern bir dokunu\u015f ta\u015f\u0131yan Lofuta Canvas Tote Bag, g\u00fcnl\u00fck stilinizi tamamlamak i\u00e7in tasarland\u0131. %100 do\u011fal pamuktan \u00fcretilmi\u015f bu dayan\u0131kl\u0131 \u00e7anta, el i\u015f\u00e7ili\u011fi detaylar\u0131yla benzersiz bir karakter kazan\u0131yor. Geni\u015f i\u00e7 hacmi sayesinde al\u0131\u015fveri\u015ften g\u00fcnl\u00fck kullan\u0131ma, kitap ta\u015f\u0131maktan hafta sonu ka\u00e7amaklar\u0131na kadar her an\u0131n\u0131za e\u015flik&#8230;<\/p>","protected":false},"featured_media":12530,"comment_status":"open","ping_status":"closed","template":"","meta":{"inline_featured_image":false},"product_brand":[],"product_cat":[707],"product_tag":[],"class_list":{"0":"post-12021","1":"product","2":"type-product","3":"status-publish","4":"has-post-thumbnail","6":"product_cat-canta","8":"first","9":"instock","10":"shipping-taxable","11":"purchasable","12":"product-type-simple"},"_links":{"self":[{"href":"https:\/\/lofuta.com\/en\/wp-json\/wp\/v2\/product\/12021","targetHints":{"allow":["GET"]}}],"collection":[{"href":"https:\/\/lofuta.com\/en\/wp-json\/wp\/v2\/product"}],"about":[{"href":"https:\/\/lofuta.com\/en\/wp-json\/wp\/v2\/types\/product"}],"replies":[{"embeddable":true,"href":"https:\/\/lofuta.com\/en\/wp-json\/wp\/v2\/comments?post=12021"}],"wp:featuredmedia":[{"embeddable":true,"href":"https:\/\/lofuta.com\/en\/wp-json\/wp\/v2\/media\/12530"}],"wp:attachment":[{"href":"https:\/\/lofuta.com\/en\/wp-json\/wp\/v2\/media?parent=12021"}],"wp:term":[{"taxonomy":"product_brand","embeddable":true,"href":"https:\/\/lofuta.com\/en\/wp-json\/wp\/v2\/product_brand?post=12021"},{"taxonomy":"product_cat","embeddable":true,"href":"https:\/\/lofuta.com\/en\/wp-json\/wp\/v2\/product_cat?post=12021"},{"taxonomy":"product_tag","embeddable":true,"href":"https:\/\/lofuta.com\/en\/wp-json\/wp\/v2\/product_tag?post=12021"}],"curies":[{"name":"wp","href":"https:\/\/api.w.org\/{rel}","templated":true}]}}