{"id":11859,"date":"2025-06-03T06:35:54","date_gmt":"2025-06-03T06:35:54","guid":{"rendered":"https:\/\/lofuta.com\/?post_type=product&#038;p=11859"},"modified":"2026-04-17T06:53:27","modified_gmt":"2026-04-17T06:53:27","slug":"kimono-mercan","status":"publish","type":"product","link":"https:\/\/lofuta.com\/en\/product\/kimono-mercan\/","title":{"rendered":"Kimono &#8220;Mercan&#8221;"},"content":{"rendered":"<p>Lofuta kimonos are sewn from black loom-woven loincloth fabric and hand-embroidered. It is a traditional piece of clothing preferred by those looking for both comfort and elegance thanks to its natural structure and lightness.<\/p>\n<p><b>The Story of The Symbol<\/b><\/p>\n<p><strong data-start=\"59\" data-end=\"77\">Mercan sembol\u00fc<\/strong>, denizin derinliklerinden gelen ya\u015fam\u0131, dayan\u0131kl\u0131l\u0131\u011f\u0131 ve d\u00f6n\u00fc\u015f\u00fcm\u00fc temsil eder. Do\u011fan\u0131n narin ama g\u00fc\u00e7l\u00fc yap\u0131lar\u0131ndan biri olan mercan, i\u00e7sel dengeyi, korunmay\u0131 ve s\u00fcreklili\u011fi simgeler. Kadim denizlerin bilgeli\u011fini ta\u015f\u0131r; hem k\u0131r\u0131lganl\u0131\u011f\u0131 hem de ya\u015fam\u0131n s\u00fcreklili\u011fini hat\u0131rlat\u0131r.<\/p>\n<p><strong>Using and Care<\/strong><\/p>\n<p>It can be machine washed on a gentle cycle or by hand. It can be ironed at low heat. It should be hung to dry in the shade. Bleach should not be used.<\/p>","protected":false},"excerpt":{"rendered":"<p>Lofuta kimonolar\u0131, kara tezgah dokumas\u0131 pe\u015ftamal kuma\u015f\u0131ndan dikilmi\u015f olup, \u00fczerine elle nak\u0131\u015f yap\u0131lm\u0131\u015ft\u0131r. Do\u011fal yap\u0131s\u0131 ve hafifli\u011fi sayesinde hem rahatl\u0131k hem de \u015f\u0131kl\u0131k arayanlar\u0131n tercih etti\u011fi geleneksel bir giyim par\u00e7as\u0131d\u0131r. Sembol\u00fcn \u00d6yk\u00fcs\u00fc Mercan sembol\u00fc, denizin derinliklerinden gelen ya\u015fam\u0131, dayan\u0131kl\u0131l\u0131\u011f\u0131 ve d\u00f6n\u00fc\u015f\u00fcm\u00fc temsil eder. Do\u011fan\u0131n narin&#8230;<\/p>","protected":false},"featured_media":12208,"comment_status":"open","ping_status":"closed","template":"","meta":{"inline_featured_image":false},"product_brand":[],"product_cat":[15,710],"product_tag":[714,717,252,719,718,712,713,715,716],"class_list":{"0":"post-11859","1":"product","2":"type-product","3":"status-publish","4":"has-post-thumbnail","6":"product_cat-genel","7":"product_cat-kimono-ve-kaftan","8":"product_tag-beachdress","9":"product_tag-buldan","10":"product_tag-cotton","11":"product_tag-elegant","12":"product_tag-elyapimi","13":"product_tag-kimono","14":"product_tag-nakislikimono","15":"product_tag-pestemal","16":"product_tag-turkishtowel","18":"first","19":"instock","20":"shipping-taxable","21":"purchasable","22":"product-type-simple"},"_links":{"self":[{"href":"https:\/\/lofuta.com\/en\/wp-json\/wp\/v2\/product\/11859","targetHints":{"allow":["GET"]}}],"collection":[{"href":"https:\/\/lofuta.com\/en\/wp-json\/wp\/v2\/product"}],"about":[{"href":"https:\/\/lofuta.com\/en\/wp-json\/wp\/v2\/types\/product"}],"replies":[{"embeddable":true,"href":"https:\/\/lofuta.com\/en\/wp-json\/wp\/v2\/comments?post=11859"}],"wp:featuredmedia":[{"embeddable":true,"href":"https:\/\/lofuta.com\/en\/wp-json\/wp\/v2\/media\/12208"}],"wp:attachment":[{"href":"https:\/\/lofuta.com\/en\/wp-json\/wp\/v2\/media?parent=11859"}],"wp:term":[{"taxonomy":"product_brand","embeddable":true,"href":"https:\/\/lofuta.com\/en\/wp-json\/wp\/v2\/product_brand?post=11859"},{"taxonomy":"product_cat","embeddable":true,"href":"https:\/\/lofuta.com\/en\/wp-json\/wp\/v2\/product_cat?post=11859"},{"taxonomy":"product_tag","embeddable":true,"href":"https:\/\/lofuta.com\/en\/wp-json\/wp\/v2\/product_tag?post=11859"}],"curies":[{"name":"wp","href":"https:\/\/api.w.org\/{rel}","templated":true}]}}