{"id":11397,"date":"2024-10-27T18:11:17","date_gmt":"2024-10-27T18:11:17","guid":{"rendered":"https:\/\/lofuta.com\/?post_type=product&#038;p=11397"},"modified":"2026-04-17T06:54:07","modified_gmt":"2026-04-17T06:54:07","slug":"line-black-kimono","status":"publish","type":"product","link":"https:\/\/lofuta.com\/en\/product\/line-black-kimono\/","title":{"rendered":"K\u0131mono \"Inf\u0131n\u0131ty\""},"content":{"rendered":"<p>Lofuta kimonos are sewn from black loom-woven loincloth fabric and hand-embroidered. It is a traditional piece of clothing preferred by those looking for both comfort and elegance thanks to its natural structure and lightness.<\/p>\n<p><strong>Using and Care<\/strong><\/p>\n<p>It can be machine washed on a gentle cycle or by hand. It can be ironed at low heat. It should be hung to dry in the shade. Bleach should not be used.<\/p>","protected":false},"excerpt":{"rendered":"<p>Lofuta kimonolar\u0131, kara tezgah dokumas\u0131 pe\u015ftamal kuma\u015f\u0131ndan dikilmi\u015f olup, \u00fczerine elle nak\u0131\u015f yap\u0131lm\u0131\u015ft\u0131r. Do\u011fal yap\u0131s\u0131 ve hafifli\u011fi sayesinde hem rahatl\u0131k hem de \u015f\u0131kl\u0131k arayanlar\u0131n tercih etti\u011fi geleneksel bir giyim par\u00e7as\u0131d\u0131r. Kullan\u0131m ve Bak\u0131m \u00c7ama\u015f\u0131r makinesinde nazik programda veya elde y\u0131kanabilir. D\u00fc\u015f\u00fck \u0131s\u0131da \u00fct\u00fclenebilir. G\u00f6lgede asarak&#8230;<\/p>","protected":false},"featured_media":11613,"comment_status":"open","ping_status":"closed","template":"","meta":{"inline_featured_image":false},"product_brand":[],"product_cat":[15,710],"product_tag":[714,717,252,719,718,712,713,715,716],"class_list":{"0":"post-11397","1":"product","2":"type-product","3":"status-publish","4":"has-post-thumbnail","6":"product_cat-genel","7":"product_cat-kimono-ve-kaftan","8":"product_tag-beachdress","9":"product_tag-buldan","10":"product_tag-cotton","11":"product_tag-elegant","12":"product_tag-elyapimi","13":"product_tag-kimono","14":"product_tag-nakislikimono","15":"product_tag-pestemal","16":"product_tag-turkishtowel","18":"first","19":"instock","20":"shipping-taxable","21":"purchasable","22":"product-type-simple"},"_links":{"self":[{"href":"https:\/\/lofuta.com\/en\/wp-json\/wp\/v2\/product\/11397","targetHints":{"allow":["GET"]}}],"collection":[{"href":"https:\/\/lofuta.com\/en\/wp-json\/wp\/v2\/product"}],"about":[{"href":"https:\/\/lofuta.com\/en\/wp-json\/wp\/v2\/types\/product"}],"replies":[{"embeddable":true,"href":"https:\/\/lofuta.com\/en\/wp-json\/wp\/v2\/comments?post=11397"}],"wp:featuredmedia":[{"embeddable":true,"href":"https:\/\/lofuta.com\/en\/wp-json\/wp\/v2\/media\/11613"}],"wp:attachment":[{"href":"https:\/\/lofuta.com\/en\/wp-json\/wp\/v2\/media?parent=11397"}],"wp:term":[{"taxonomy":"product_brand","embeddable":true,"href":"https:\/\/lofuta.com\/en\/wp-json\/wp\/v2\/product_brand?post=11397"},{"taxonomy":"product_cat","embeddable":true,"href":"https:\/\/lofuta.com\/en\/wp-json\/wp\/v2\/product_cat?post=11397"},{"taxonomy":"product_tag","embeddable":true,"href":"https:\/\/lofuta.com\/en\/wp-json\/wp\/v2\/product_tag?post=11397"}],"curies":[{"name":"wp","href":"https:\/\/api.w.org\/{rel}","templated":true}]}}