{"id":11379,"date":"2024-10-25T07:12:39","date_gmt":"2024-10-25T07:12:39","guid":{"rendered":"https:\/\/lofuta.com\/?post_type=product&#038;p=11379"},"modified":"2026-04-17T06:55:48","modified_gmt":"2026-04-17T06:55:48","slug":"life-tote-bag","status":"publish","type":"product","link":"https:\/\/lofuta.com\/en\/product\/life-tote-bag\/","title":{"rendered":"Tote Bag &#8220;L\u0131fe&#8221;"},"content":{"rendered":"<p><strong>The Story of The Symbol<\/strong><\/p>\n<p>The Flower of Life symbol represents the interconnectedness and integrity of all life and beings in the universe. This geometric shape is a pattern of equal circles that connect to each other and has been used in various cultures since ancient times. It often symbolizes the fundamental structure of the universe, the constant cycle of energy and cosmic order. A bit magical, right?<\/p>\n<p><strong>Materials<\/strong><\/p>\n<p>35*40*10 cm<\/p>\n<p>Our eco-friendly cotton bags are made of 100% cotton and hand-embroidered.<\/p>\n<p>320 gr raw canvas fabric<\/p>\n<p>Since the products are handmade, there may be slight differences in their dimensions.<\/p>\n<p><strong>Using and Care<\/strong><\/p>\n<p>Not suitable for washing. You can clean them by wiping them with a wet cloth.<\/p>","protected":false},"excerpt":{"rendered":"<p>Sembol\u00fcn \u00d6yk\u00fcs\u00fc Ya\u015fam \u00c7i\u00e7e\u011fi (Flower of Life) sembol\u00fc, evrendeki t\u00fcm ya\u015fam\u0131n ve varl\u0131klar\u0131n birbirine ba\u011fl\u0131l\u0131\u011f\u0131n\u0131 ve b\u00fct\u00fcnl\u00fc\u011f\u00fcn\u00fc temsil eder. Bu geometrik \u015fekil, birbirine ba\u011flanan e\u015fit dairelerin olu\u015fturdu\u011fu bir desendir ve antik zamanlardan bu yana \u00e7e\u015fitli k\u00fclt\u00fcrlerde kullan\u0131lm\u0131\u015ft\u0131r. Genellikle, evrenin temel yap\u0131s\u0131n\u0131, enerjinin s\u00fcrekli d\u00f6ng\u00fcs\u00fcn\u00fc ve&#8230;<\/p>","protected":false},"featured_media":12028,"comment_status":"open","ping_status":"closed","template":"","meta":{"inline_featured_image":false},"product_brand":[],"product_cat":[707,15],"product_tag":[726,721,731,722,727,730,724,718,728,725,729,720,723],"class_list":{"0":"post-11379","1":"product","2":"type-product","3":"status-publish","4":"has-post-thumbnail","6":"product_cat-canta","7":"product_cat-genel","8":"product_tag-asabovesobelow","9":"product_tag-bezcanta","10":"product_tag-cevredostu","11":"product_tag-cottonbag","12":"product_tag-denizkabugu","13":"product_tag-dogalyasam","14":"product_tag-dongu","15":"product_tag-elyapimi","16":"product_tag-handmadebag","17":"product_tag-semboller","18":"product_tag-sustainable","19":"product_tag-totebag","20":"product_tag-yasamcicegi","22":"first","23":"instock","24":"shipping-taxable","25":"purchasable","26":"product-type-simple"},"_links":{"self":[{"href":"https:\/\/lofuta.com\/en\/wp-json\/wp\/v2\/product\/11379","targetHints":{"allow":["GET"]}}],"collection":[{"href":"https:\/\/lofuta.com\/en\/wp-json\/wp\/v2\/product"}],"about":[{"href":"https:\/\/lofuta.com\/en\/wp-json\/wp\/v2\/types\/product"}],"replies":[{"embeddable":true,"href":"https:\/\/lofuta.com\/en\/wp-json\/wp\/v2\/comments?post=11379"}],"wp:featuredmedia":[{"embeddable":true,"href":"https:\/\/lofuta.com\/en\/wp-json\/wp\/v2\/media\/12028"}],"wp:attachment":[{"href":"https:\/\/lofuta.com\/en\/wp-json\/wp\/v2\/media?parent=11379"}],"wp:term":[{"taxonomy":"product_brand","embeddable":true,"href":"https:\/\/lofuta.com\/en\/wp-json\/wp\/v2\/product_brand?post=11379"},{"taxonomy":"product_cat","embeddable":true,"href":"https:\/\/lofuta.com\/en\/wp-json\/wp\/v2\/product_cat?post=11379"},{"taxonomy":"product_tag","embeddable":true,"href":"https:\/\/lofuta.com\/en\/wp-json\/wp\/v2\/product_tag?post=11379"}],"curies":[{"name":"wp","href":"https:\/\/api.w.org\/{rel}","templated":true}]}}