{"id":11326,"date":"2024-06-14T13:14:01","date_gmt":"2024-06-14T13:14:01","guid":{"rendered":"https:\/\/lofuta.com\/?post_type=product&#038;p=11326"},"modified":"2026-04-17T06:56:03","modified_gmt":"2026-04-17T06:56:03","slug":"mercan-nakisli-kanvas-canta","status":"publish","type":"product","link":"https:\/\/lofuta.com\/en\/product\/mercan-nakisli-kanvas-canta\/","title":{"rendered":"Tote Bag \"Coral\""},"content":{"rendered":"<p><strong>The Story of The Symbol<\/strong><\/p>\n<p>The coral symbol generally represents life energy, love, passion and spiritual balance. Since coral is an organic structure in nature, it also symbolizes harmony with the forces of nature and the cycle of life. It has also been used as a protective talisman in ancient cultures. The coral symbol is also known for its belief that it brings protection and healing on both a physical and spiritual level.<\/p>\n<p><strong>Materials<\/strong><\/p>\n<p>35*40*10 cm<\/p>\n<p>Our eco-friendly cotton bags are made of 100% cotton and hand-embroidered.<\/p>\n<p>320 gr raw canvas fabric<\/p>\n<p>Since the products are handmade, there may be slight differences in their dimensions.<\/p>\n<p><strong>Using and Care<\/strong><\/p>\n<p>Not suitable for washing. You can clean them by wiping them with a wet cloth.<\/p>","protected":false},"excerpt":{"rendered":"<p>Sembol\u00fcn \u00d6yk\u00fcs\u00fc Mercan sembol\u00fc, genellikle ya\u015fam enerjisi, sevgi, tutku ve ruhsal dengeyi temsil eder. Mercan, do\u011fada organik bir yap\u0131 oldu\u011fundan, ayn\u0131 zamanda do\u011fan\u0131n g\u00fc\u00e7leriyle uyum i\u00e7inde olmay\u0131 ve ya\u015fam\u0131n d\u00f6ng\u00fcs\u00fcn\u00fc simgeler. Antik k\u00fclt\u00fcrlerde de koruyucu bir t\u0131ls\u0131m olarak kullan\u0131lm\u0131\u015ft\u0131r. Mercan sembol\u00fc, hem fiziksel hem de&#8230;<\/p>","protected":false},"featured_media":11784,"comment_status":"open","ping_status":"closed","template":"","meta":{"inline_featured_image":false},"product_brand":[],"product_cat":[707,15],"product_tag":[726,721,731,722,727,730,724,718,728,725,729,720,723],"class_list":{"0":"post-11326","1":"product","2":"type-product","3":"status-publish","4":"has-post-thumbnail","6":"product_cat-canta","7":"product_cat-genel","8":"product_tag-asabovesobelow","9":"product_tag-bezcanta","10":"product_tag-cevredostu","11":"product_tag-cottonbag","12":"product_tag-denizkabugu","13":"product_tag-dogalyasam","14":"product_tag-dongu","15":"product_tag-elyapimi","16":"product_tag-handmadebag","17":"product_tag-semboller","18":"product_tag-sustainable","19":"product_tag-totebag","20":"product_tag-yasamcicegi","22":"first","23":"instock","24":"shipping-taxable","25":"purchasable","26":"product-type-simple"},"_links":{"self":[{"href":"https:\/\/lofuta.com\/en\/wp-json\/wp\/v2\/product\/11326","targetHints":{"allow":["GET"]}}],"collection":[{"href":"https:\/\/lofuta.com\/en\/wp-json\/wp\/v2\/product"}],"about":[{"href":"https:\/\/lofuta.com\/en\/wp-json\/wp\/v2\/types\/product"}],"replies":[{"embeddable":true,"href":"https:\/\/lofuta.com\/en\/wp-json\/wp\/v2\/comments?post=11326"}],"wp:featuredmedia":[{"embeddable":true,"href":"https:\/\/lofuta.com\/en\/wp-json\/wp\/v2\/media\/11784"}],"wp:attachment":[{"href":"https:\/\/lofuta.com\/en\/wp-json\/wp\/v2\/media?parent=11326"}],"wp:term":[{"taxonomy":"product_brand","embeddable":true,"href":"https:\/\/lofuta.com\/en\/wp-json\/wp\/v2\/product_brand?post=11326"},{"taxonomy":"product_cat","embeddable":true,"href":"https:\/\/lofuta.com\/en\/wp-json\/wp\/v2\/product_cat?post=11326"},{"taxonomy":"product_tag","embeddable":true,"href":"https:\/\/lofuta.com\/en\/wp-json\/wp\/v2\/product_tag?post=11326"}],"curies":[{"name":"wp","href":"https:\/\/api.w.org\/{rel}","templated":true}]}}