{"id":11320,"date":"2024-05-19T11:25:35","date_gmt":"2024-05-19T11:25:35","guid":{"rendered":"https:\/\/lofuta.com\/?post_type=product&#038;p=11320"},"modified":"2026-04-17T06:56:14","modified_gmt":"2026-04-17T06:56:14","slug":"as-above-so-below-nakisli-tote-bag","status":"publish","type":"product","link":"https:\/\/lofuta.com\/en\/product\/as-above-so-below-nakisli-tote-bag\/","title":{"rendered":"Tote Bag &#8220;As Above So Below&#8221;"},"content":{"rendered":"<p><strong>The Story of The Symbol<\/strong><\/p>\n<p><strong>As Above, So Below<\/strong> symbol represents an important principle in Hermetic philosophy. This expression indicates that the universe and man are reflected in each other at micro and macro levels, that is, what is on a small scale is the same on a large scale. In other words, it expresses that the order and functioning of the universe also finds a counterpart in individual life.<\/p>\n<p>This symbol is used especially by those interested in spiritual and philosophical studies to understand universal harmony, balance and connection. An impressive symbol, isn't it?<\/p>\n<p><strong>Materials<\/strong><\/p>\n<p>35*40*10 cm<\/p>\n<p>Our eco-friendly cotton bags are made of 100% cotton and hand-embroidered.<\/p>\n<p>320 gr raw canvas fabric<\/p>\n<p>Since the products are handmade, there may be slight differences in their dimensions.<\/p>\n<p><strong>Using and Care<\/strong><\/p>\n<p>Not suitable for washing. You can clean them by wiping them with a wet cloth.<\/p>","protected":false},"excerpt":{"rendered":"<p>Sembol\u00fcn \u00d6yk\u00fcs\u00fc As Above, So Below sembol\u00fc, Hermetik felsefede \u00f6nemli bir ilkeyi temsil eder. Bu ifade, evrenin ve insan\u0131n mikro ve makro d\u00fczeyde birbirine yans\u0131d\u0131\u011f\u0131n\u0131, yani k\u00fc\u00e7\u00fck \u00f6l\u00e7ekte olan\u0131n b\u00fcy\u00fck \u00f6l\u00e7ekte de ayn\u0131 oldu\u011funu belirtir. Ba\u015fka bir deyi\u015fle, evrendeki d\u00fczenin ve i\u015fleyi\u015fin bireysel ya\u015famda da&#8230;<\/p>","protected":false},"featured_media":11785,"comment_status":"open","ping_status":"closed","template":"","meta":{"inline_featured_image":false},"product_brand":[],"product_cat":[707,15],"product_tag":[726,721,731,722,727,730,724,718,728,725,729,720,723],"class_list":{"0":"post-11320","1":"product","2":"type-product","3":"status-publish","4":"has-post-thumbnail","6":"product_cat-canta","7":"product_cat-genel","8":"product_tag-asabovesobelow","9":"product_tag-bezcanta","10":"product_tag-cevredostu","11":"product_tag-cottonbag","12":"product_tag-denizkabugu","13":"product_tag-dogalyasam","14":"product_tag-dongu","15":"product_tag-elyapimi","16":"product_tag-handmadebag","17":"product_tag-semboller","18":"product_tag-sustainable","19":"product_tag-totebag","20":"product_tag-yasamcicegi","22":"first","23":"instock","24":"shipping-taxable","25":"purchasable","26":"product-type-simple"},"_links":{"self":[{"href":"https:\/\/lofuta.com\/en\/wp-json\/wp\/v2\/product\/11320","targetHints":{"allow":["GET"]}}],"collection":[{"href":"https:\/\/lofuta.com\/en\/wp-json\/wp\/v2\/product"}],"about":[{"href":"https:\/\/lofuta.com\/en\/wp-json\/wp\/v2\/types\/product"}],"replies":[{"embeddable":true,"href":"https:\/\/lofuta.com\/en\/wp-json\/wp\/v2\/comments?post=11320"}],"wp:featuredmedia":[{"embeddable":true,"href":"https:\/\/lofuta.com\/en\/wp-json\/wp\/v2\/media\/11785"}],"wp:attachment":[{"href":"https:\/\/lofuta.com\/en\/wp-json\/wp\/v2\/media?parent=11320"}],"wp:term":[{"taxonomy":"product_brand","embeddable":true,"href":"https:\/\/lofuta.com\/en\/wp-json\/wp\/v2\/product_brand?post=11320"},{"taxonomy":"product_cat","embeddable":true,"href":"https:\/\/lofuta.com\/en\/wp-json\/wp\/v2\/product_cat?post=11320"},{"taxonomy":"product_tag","embeddable":true,"href":"https:\/\/lofuta.com\/en\/wp-json\/wp\/v2\/product_tag?post=11320"}],"curies":[{"name":"wp","href":"https:\/\/api.w.org\/{rel}","templated":true}]}}