{"id":11316,"date":"2024-05-19T11:20:33","date_gmt":"2024-05-19T11:20:33","guid":{"rendered":"https:\/\/lofuta.com\/?post_type=product&#038;p=11316"},"modified":"2026-04-17T06:56:30","modified_gmt":"2026-04-17T06:56:30","slug":"dongu-nakisli-tote-bag","status":"publish","type":"product","link":"https:\/\/lofuta.com\/en\/product\/dongu-nakisli-tote-bag\/","title":{"rendered":"Tote Bag \"Cycle\""},"content":{"rendered":"<p><strong>The Story of The Symbol<\/strong><\/p>\n<p>The cycle symbol often represents the constant cycle of life, nature, and the universe, and renewal. This symbol reflects the idea that beginnings and endings are interconnected, with each conclusion being a new beginning. In many cultures, this symbol is associated with the changing seasons, the natural cycle of life, and balance in the universe. The cycle symbol also signifies constant change and transformation in the processes of personal growth and spiritual enlightenment.<\/p>\n<p><strong>Materials<\/strong><\/p>\n<p>35*40*10 cm<\/p>\n<p>Our eco-friendly cotton bags are made of 100% cotton and hand-embroidered.<\/p>\n<p>320 gr raw canvas fabric<\/p>\n<p>Since the products are handmade, there may be slight differences in their dimensions.<\/p>\n<p><strong>Using and Care<\/strong><\/p>\n<p>Not suitable for washing. You can clean them by wiping them with a wet cloth.<\/p>","protected":false},"excerpt":{"rendered":"<p>Sembol\u00fcn \u00d6yk\u00fcs\u00fc D\u00f6ng\u00fc sembol\u00fc, genellikle ya\u015fam\u0131n, do\u011fan\u0131n ve evrenin s\u00fcrekli d\u00f6ng\u00fcs\u00fcn\u00fc ve yenilenmeyi temsil eder. Bu sembol, ba\u015flang\u0131\u00e7 ve sonun birbirine ba\u011fl\u0131 oldu\u011fu, her sonucun yeni bir ba\u015flang\u0131\u00e7 oldu\u011fu fikrini yans\u0131t\u0131r. \u00c7o\u011fu k\u00fclt\u00fcrde bu sembol, mevsimlerin d\u00f6n\u00fc\u015f\u00fcm\u00fc, hayat\u0131n do\u011fal d\u00f6ng\u00fcs\u00fc ve evrendeki denge ile ili\u015fkilendirilir&#8230;.<\/p>","protected":false},"featured_media":11786,"comment_status":"open","ping_status":"closed","template":"","meta":{"inline_featured_image":false},"product_brand":[],"product_cat":[707,15],"product_tag":[726,721,731,722,727,730,724,718,728,725,729,720,723],"class_list":{"0":"post-11316","1":"product","2":"type-product","3":"status-publish","4":"has-post-thumbnail","6":"product_cat-canta","7":"product_cat-genel","8":"product_tag-asabovesobelow","9":"product_tag-bezcanta","10":"product_tag-cevredostu","11":"product_tag-cottonbag","12":"product_tag-denizkabugu","13":"product_tag-dogalyasam","14":"product_tag-dongu","15":"product_tag-elyapimi","16":"product_tag-handmadebag","17":"product_tag-semboller","18":"product_tag-sustainable","19":"product_tag-totebag","20":"product_tag-yasamcicegi","22":"first","23":"instock","24":"shipping-taxable","25":"purchasable","26":"product-type-simple"},"_links":{"self":[{"href":"https:\/\/lofuta.com\/en\/wp-json\/wp\/v2\/product\/11316","targetHints":{"allow":["GET"]}}],"collection":[{"href":"https:\/\/lofuta.com\/en\/wp-json\/wp\/v2\/product"}],"about":[{"href":"https:\/\/lofuta.com\/en\/wp-json\/wp\/v2\/types\/product"}],"replies":[{"embeddable":true,"href":"https:\/\/lofuta.com\/en\/wp-json\/wp\/v2\/comments?post=11316"}],"wp:featuredmedia":[{"embeddable":true,"href":"https:\/\/lofuta.com\/en\/wp-json\/wp\/v2\/media\/11786"}],"wp:attachment":[{"href":"https:\/\/lofuta.com\/en\/wp-json\/wp\/v2\/media?parent=11316"}],"wp:term":[{"taxonomy":"product_brand","embeddable":true,"href":"https:\/\/lofuta.com\/en\/wp-json\/wp\/v2\/product_brand?post=11316"},{"taxonomy":"product_cat","embeddable":true,"href":"https:\/\/lofuta.com\/en\/wp-json\/wp\/v2\/product_cat?post=11316"},{"taxonomy":"product_tag","embeddable":true,"href":"https:\/\/lofuta.com\/en\/wp-json\/wp\/v2\/product_tag?post=11316"}],"curies":[{"name":"wp","href":"https:\/\/api.w.org\/{rel}","templated":true}]}}