{"id":11288,"date":"2024-05-11T07:55:46","date_gmt":"2024-05-11T07:55:46","guid":{"rendered":"https:\/\/lofuta.com\/?post_type=product&#038;p=11288"},"modified":"2026-04-17T06:58:08","modified_gmt":"2026-04-17T06:58:08","slug":"happy-tote-canta","status":"publish","type":"product","link":"https:\/\/lofuta.com\/en\/product\/happy-tote-canta\/","title":{"rendered":"Tote Bag &#8220;Happy&#8221;"},"content":{"rendered":"<p><strong>The Story of The Symbol<\/strong><\/p>\n<p>The symbols we use in this bag are always filled with images that warm, cheer and give peace to us. Symbols such as coral, palm trees, sun and waves take us to relaxing and enjoyable memories. These symbols remind us of the freedom, stress relief and renewal that vacation brings. The sun symbol, which symbolizes vacation, embraces us with its warm rays, while coral makes us feel the cooling and refreshing effect of the sea. Palm trees, on the other hand, remind us of a tropical paradise and allow us to enjoy peaceful and calm moments.<\/p>\n<p><strong>Materials<\/strong><\/p>\n<p>35*40*10 cm<\/p>\n<p>Our eco-friendly cotton bags are made of 100% cotton and hand-embroidered.<\/p>\n<p>320 gr raw canvas fabric<\/p>\n<p>Since the products are handmade, there may be slight differences in their dimensions.<\/p>\n<p><strong>Using and Care<\/strong><\/p>\n<p>Not suitable for washing. You can clean them by wiping them with a wet cloth.<\/p>\n<p>&nbsp;<\/p>","protected":false},"excerpt":{"rendered":"<p>Sembol\u00fcn \u00d6yk\u00fcs\u00fc Bu \u00e7antada kulland\u0131\u011f\u0131m\u0131z semboller, her zaman i\u00e7imizi \u0131s\u0131tan, ne\u015felendiren ve huzur veren imgelerle doludur. Mercan, palmiye a\u011fa\u00e7lar\u0131, g\u00fcne\u015f ve dalgalar gibi semboller, bizi rahatlat\u0131c\u0131 ve keyifli an\u0131lara g\u00f6t\u00fcr\u00fcr. Bu semboller, tatilin getirdi\u011fi \u00f6zg\u00fcrl\u00fc\u011f\u00fc, stresten ar\u0131nmay\u0131 ve yenilenmeyi hat\u0131rlat\u0131r. Tatili simgeleyen g\u00fcne\u015f sembol\u00fc, s\u0131cac\u0131k&#8230;<\/p>","protected":false},"featured_media":11764,"comment_status":"open","ping_status":"closed","template":"","meta":{"inline_featured_image":false},"product_brand":[],"product_cat":[707,15],"product_tag":[726,721,731,722,727,730,724,718,728,725,729,720,723],"class_list":{"0":"post-11288","1":"product","2":"type-product","3":"status-publish","4":"has-post-thumbnail","6":"product_cat-canta","7":"product_cat-genel","8":"product_tag-asabovesobelow","9":"product_tag-bezcanta","10":"product_tag-cevredostu","11":"product_tag-cottonbag","12":"product_tag-denizkabugu","13":"product_tag-dogalyasam","14":"product_tag-dongu","15":"product_tag-elyapimi","16":"product_tag-handmadebag","17":"product_tag-semboller","18":"product_tag-sustainable","19":"product_tag-totebag","20":"product_tag-yasamcicegi","22":"first","23":"instock","24":"shipping-taxable","25":"purchasable","26":"product-type-simple"},"_links":{"self":[{"href":"https:\/\/lofuta.com\/en\/wp-json\/wp\/v2\/product\/11288","targetHints":{"allow":["GET"]}}],"collection":[{"href":"https:\/\/lofuta.com\/en\/wp-json\/wp\/v2\/product"}],"about":[{"href":"https:\/\/lofuta.com\/en\/wp-json\/wp\/v2\/types\/product"}],"replies":[{"embeddable":true,"href":"https:\/\/lofuta.com\/en\/wp-json\/wp\/v2\/comments?post=11288"}],"wp:featuredmedia":[{"embeddable":true,"href":"https:\/\/lofuta.com\/en\/wp-json\/wp\/v2\/media\/11764"}],"wp:attachment":[{"href":"https:\/\/lofuta.com\/en\/wp-json\/wp\/v2\/media?parent=11288"}],"wp:term":[{"taxonomy":"product_brand","embeddable":true,"href":"https:\/\/lofuta.com\/en\/wp-json\/wp\/v2\/product_brand?post=11288"},{"taxonomy":"product_cat","embeddable":true,"href":"https:\/\/lofuta.com\/en\/wp-json\/wp\/v2\/product_cat?post=11288"},{"taxonomy":"product_tag","embeddable":true,"href":"https:\/\/lofuta.com\/en\/wp-json\/wp\/v2\/product_tag?post=11288"}],"curies":[{"name":"wp","href":"https:\/\/api.w.org\/{rel}","templated":true}]}}