{"id":11223,"date":"2024-05-05T10:00:08","date_gmt":"2024-05-05T10:00:08","guid":{"rendered":"https:\/\/lofuta.com\/?post_type=product&#038;p=11223"},"modified":"2026-04-17T06:58:19","modified_gmt":"2026-04-17T06:58:19","slug":"kenarda-deniz-kabugu-nakisli-pestemal","status":"publish","type":"product","link":"https:\/\/lofuta.com\/en\/product\/kenarda-deniz-kabugu-nakisli-pestemal\/","title":{"rendered":"Nak\u0131\u015fl\u0131 Pe\u015ftemal &#8220;Deniz Kabu\u011fu&#8221;"},"content":{"rendered":"<div>\n<div><\/div>\n<div>\n<p><b>Sea Shell<\/b><\/p>\n<p><span style=\"font-weight: 400;\">The seashell symbol, which has been widely used since ancient times, has been directly associated with fertility.<\/span><\/p>\n<p><span style=\"font-weight: 400;\">So much so that Venus, the goddess of love, was born from a seashell after a long journey.<\/span><\/p>\n<p><span style=\"font-weight: 400;\">This symbol, associated with the origin of life, has also been used as an object referring to human existence.<\/span><\/p>\n<p><span style=\"font-weight: 400;\">Seashells, an indispensable symbol of summer, are the best gift from the depths of the sea.<\/span><\/p>\n<p><\/p>\n<\/div>\n<div><\/p>\n<p><strong>Materials<\/strong><\/p>\n<p>Embroidered traditional black loom weaving turkish towel<br \/>\nMade in Denizli Turkiye.<br \/>\nSize: 100 cm x 180 cm<\/p>\n<\/div>\n<\/div>\n<p><strong>Using and Care<\/strong><\/p>\n<p>It can be machine washed on a gentle cycle or by hand. It can be ironed at low heat. It should be hung to dry in the shade. Bleach should not be used.<\/p>","protected":false},"excerpt":{"rendered":"<p>Teknik Detaylar Nak\u0131\u015fl\u0131 geleneksel kara tezgah dokuma pe\u015ftemal. Made in Denizli Turkiye. Ebat: 100 cm x 180 cm Kullan\u0131m ve Bak\u0131m \u00c7ama\u015f\u0131r makinesinde nazik programda veya elde y\u0131kanabilir. D\u00fc\u015f\u00fck \u0131s\u0131da \u00fct\u00fclenebilir. G\u00f6lgede asarak kurutulmal\u0131d\u0131r. Beyazlat\u0131c\u0131 kullan\u0131lmamal\u0131d\u0131r.<\/p>","protected":false},"featured_media":12062,"comment_status":"open","ping_status":"closed","template":"","meta":{"inline_featured_image":false},"product_brand":[],"product_cat":[15,704],"product_tag":[717,252,733,732,715,734,716],"class_list":{"0":"post-11223","1":"product","2":"type-product","3":"status-publish","4":"has-post-thumbnail","6":"product_cat-genel","7":"product_cat-pestemal","8":"product_tag-buldan","9":"product_tag-cotton","10":"product_tag-handmade","11":"product_tag-nakislipestemal","12":"product_tag-pestemal","13":"product_tag-tekstil","14":"product_tag-turkishtowel","16":"first","17":"instock","18":"shipping-taxable","19":"purchasable","20":"product-type-simple"},"_links":{"self":[{"href":"https:\/\/lofuta.com\/en\/wp-json\/wp\/v2\/product\/11223","targetHints":{"allow":["GET"]}}],"collection":[{"href":"https:\/\/lofuta.com\/en\/wp-json\/wp\/v2\/product"}],"about":[{"href":"https:\/\/lofuta.com\/en\/wp-json\/wp\/v2\/types\/product"}],"replies":[{"embeddable":true,"href":"https:\/\/lofuta.com\/en\/wp-json\/wp\/v2\/comments?post=11223"}],"wp:featuredmedia":[{"embeddable":true,"href":"https:\/\/lofuta.com\/en\/wp-json\/wp\/v2\/media\/12062"}],"wp:attachment":[{"href":"https:\/\/lofuta.com\/en\/wp-json\/wp\/v2\/media?parent=11223"}],"wp:term":[{"taxonomy":"product_brand","embeddable":true,"href":"https:\/\/lofuta.com\/en\/wp-json\/wp\/v2\/product_brand?post=11223"},{"taxonomy":"product_cat","embeddable":true,"href":"https:\/\/lofuta.com\/en\/wp-json\/wp\/v2\/product_cat?post=11223"},{"taxonomy":"product_tag","embeddable":true,"href":"https:\/\/lofuta.com\/en\/wp-json\/wp\/v2\/product_tag?post=11223"}],"curies":[{"name":"wp","href":"https:\/\/api.w.org\/{rel}","templated":true}]}}