{"id":9219,"date":"2016-11-10T14:16:35","date_gmt":"2016-11-10T14:16:35","guid":{"rendered":"http:\/\/creator.elated-themes.com\/?page_id=9219"},"modified":"2026-04-16T17:38:01","modified_gmt":"2026-04-16T17:38:01","slug":"lofuta-home","status":"publish","type":"page","link":"https:\/\/lofuta.com\/en\/","title":{"rendered":"Lofuta Home"},"content":{"rendered":"<div class=\"vc_row wpb_row vc_row-fluid eltd-section vc_custom_1715081631867 eltd-content-aligment-center\" style=\"\"><div class=\"clearfix eltd-full-section-inner\"><div class=\"wpb_column vc_column_container vc_col-sm-12\"><div class=\"vc_column-inner vc_custom_1761294343159\"><div class=\"wpb_wrapper\"><div data-eltd-parallax-speed=\"1\" class=\"vc_row wpb_row vc_inner vc_row-fluid eltd-section eltd-content-aligment-left\" style=\"\"><div class=\"eltd-full-section-inner\"><div class=\"big-hero-one wpb_column vc_column_container vc_col-sm-12 vc_col-has-fill\"><div class=\"vc_column-inner vc_custom_1767452677069\"><div class=\"wpb_wrapper\"><\/div><\/div><\/div><\/div><\/div><div data-eltd-parallax-speed=\"1\" class=\"vc_row wpb_row vc_inner vc_row-fluid eltd-section eltd-content-aligment-left\" style=\"\"><div class=\"eltd-full-section-inner\"><div class=\"big-hero-second wpb_column vc_column_container vc_col-sm-4 vc_col-lg-offset-0 vc_col-lg-4 vc_col-md-offset-0 vc_col-md-4 vc_col-sm-offset-0 vc_col-xs-4 vc_col-has-fill\"><div class=\"vc_column-inner vc_custom_1767453091545\"><div class=\"wpb_wrapper\"><\/div><\/div><\/div><div class=\"big-hero-second wpb_column vc_column_container vc_col-sm-4 vc_col-lg-offset-0 vc_col-lg-4 vc_col-md-offset-0 vc_col-md-4 vc_col-sm-offset-0 vc_col-xs-4 vc_col-has-fill\"><div class=\"vc_column-inner vc_custom_1767453992882\"><div class=\"wpb_wrapper\"><\/div><\/div><\/div><div class=\"big-hero-second wpb_column vc_column_container vc_col-sm-4 vc_col-lg-offset-0 vc_col-lg-4 vc_col-md-offset-0 vc_col-md-4 vc_col-sm-offset-0 vc_col-xs-4 vc_col-has-fill\"><div class=\"vc_column-inner vc_custom_1767454038083\"><div class=\"wpb_wrapper\"><\/div><\/div><\/div><\/div><\/div><\/div><\/div><\/div><div class=\"wpb_column vc_column_container vc_col-sm-12 vc_col-lg-offset-0 vc_col-lg-12 vc_hidden-lg vc_col-md-offset-0 vc_col-md-12 vc_hidden-md vc_hidden-sm vc_hidden-xs\"><div class=\"vc_column-inner vc_custom_1761552092774\"><div class=\"wpb_wrapper\"><div class=\"wpb_gallery wpb_content_element vc_clearfix\" ><div class=\"wpb_wrapper\"><div class=\"wpb_gallery_slides wpb_slider_nivo theme-default\" data-interval=\"3\"><div class=\"nivoSlider\"><img decoding=\"async\" class=\"\" src=\"https:\/\/lofuta.com\/wp-content\/uploads\/2025\/03\/1-1260x550.jpg\" width=\"1260\" height=\"550\" alt=\"1\" title=\"1\" \/><img decoding=\"async\" class=\"\" src=\"https:\/\/lofuta.com\/wp-content\/uploads\/2025\/03\/2-1260x550.jpg\" width=\"1260\" height=\"550\" alt=\"2\" title=\"2\" \/><img decoding=\"async\" class=\"\" src=\"https:\/\/lofuta.com\/wp-content\/uploads\/2025\/03\/3-1260x550.jpg\" width=\"1260\" height=\"550\" alt=\"3\" title=\"3\" \/><\/div><\/div><\/div><\/div><\/div><\/div><\/div><\/div><\/div><div class=\"vc_row wpb_row vc_row-fluid eltd-section eltd-content-aligment-left\" style=\"\"><div class=\"clearfix eltd-full-section-inner\"><div class=\"wpb_column vc_column_container vc_col-sm-2\"><div class=\"vc_column-inner\"><div class=\"wpb_wrapper\"><\/div><\/div><\/div><div class=\"wpb_column vc_column_container vc_col-sm-8\"><div class=\"vc_column-inner\"><div class=\"wpb_wrapper\"><div class=\"vc_empty_space\"   style=\"height: 20px\"><span class=\"vc_empty_space_inner\"><\/span><\/div>\n\t<div class=\"wpb_text_column wpb_content_element  main-hero-title\" >\n\t\t<div class=\"wpb_wrapper\">\n\t\t\t<h4 style=\"text-align: center;\">Making space for<br \/>\nour new collection.<\/h4>\n\n\t\t<\/div>\n\t<\/div>\n<div class=\"vc_empty_space\"   style=\"height: 20px\"><span class=\"vc_empty_space_inner\"><\/span><\/div><a href=\"https:\/\/lofuta.com\/en\/urunler\/\" target=\"_self\" style=\"border-color: #b79c7d;font-weight: 100;margin: 3px 3px 3px 3px\" class=\"eltd-btn eltd-btn-large eltd-btn-solid eltd-btn-icon mx-auto\"  >\n    <span class=\"eltd-btn-text\">Shop Now<\/span>\n    <i class=\"eltd-icon-font-awesome fa fa-arrow-right\" ><\/i>    <span class=\"eltd-btn-overlay\"   ><\/span>\n<\/a><\/div><\/div><\/div><div class=\"wpb_column vc_column_container vc_col-sm-2\"><div class=\"vc_column-inner\"><div class=\"wpb_wrapper\"><\/div><\/div><\/div><\/div><\/div><div class=\"vc_row wpb_row vc_row-fluid eltd-section eltd-content-aligment-left\" style=\"\"><div class=\"clearfix eltd-full-section-inner\"><div class=\"wpb_column vc_column_container vc_col-sm-2\"><div class=\"vc_column-inner\"><div class=\"wpb_wrapper\"><\/div><\/div><\/div><div class=\"wpb_column vc_column_container vc_col-sm-8\"><div class=\"vc_column-inner\"><div class=\"wpb_wrapper\"><div class=\"vc_empty_space\"   style=\"height: 20px\"><span class=\"vc_empty_space_inner\"><\/span><\/div><div class=\"vc_separator wpb_content_element vc_separator_align_center vc_sep_width_100 vc_sep_pos_align_center vc_sep_color_grey main-hero-title-shop vc_separator-has-text\" ><span class=\"vc_sep_holder vc_sep_holder_l\"><span  class=\"vc_sep_line\"><\/span><\/span><h4>Shop by Collections<\/h4><span class=\"vc_sep_holder vc_sep_holder_r\"><span  class=\"vc_sep_line\"><\/span><\/span>\n<\/div><div data-eltd-parallax-speed=\"1\" class=\"vc_row wpb_row vc_inner vc_row-fluid eltd-section eltd-content-aligment-left\" style=\"\"><div class=\"eltd-full-section-inner\"><div class=\"home-prod-cat-item wpb_column vc_column_container vc_col-sm-4\"><div class=\"vc_column-inner\"><div class=\"wpb_wrapper\">\n\t<div  class=\"wpb_single_image wpb_content_element vc_align_center   home-prod-cat-item-image\">\n\t\t\n\t\t<figure class=\"wpb_wrapper vc_figure\">\n\t\t\t<a href=\"https:\/\/lofuta.com\/en\/product-category\/pestemal\/\" target=\"_self\" class=\"vc_single_image-wrapper   vc_box_border_grey\"><img decoding=\"async\" width=\"231\" height=\"300\" src=\"https:\/\/lofuta.com\/wp-content\/uploads\/2025\/11\/FOTO-E-231x300.png\" class=\"vc_single_image-img attachment-medium\" alt=\"\" srcset=\"https:\/\/lofuta.com\/wp-content\/uploads\/2025\/11\/FOTO-E-231x300.png 231w, https:\/\/lofuta.com\/wp-content\/uploads\/2025\/11\/FOTO-E-788x1024.png 788w, https:\/\/lofuta.com\/wp-content\/uploads\/2025\/11\/FOTO-E-768x998.png 768w, https:\/\/lofuta.com\/wp-content\/uploads\/2025\/11\/FOTO-E-9x12.png 9w, https:\/\/lofuta.com\/wp-content\/uploads\/2025\/11\/FOTO-E-600x780.png 600w, https:\/\/lofuta.com\/wp-content\/uploads\/2025\/11\/FOTO-E.png 1000w\" sizes=\"(max-width: 231px) 100vw, 231px\" \/><\/a>\n\t\t<\/figure>\n\t<\/div>\n\n\t<div class=\"wpb_text_column wpb_content_element  home-prod-cat-item-title\" >\n\t\t<div class=\"wpb_wrapper\">\n\t\t\t<p><a href=\"https:\/\/lofuta.com\/en\/product-category\/pestemal\/\"><span style=\"font-weight: 400;\">TOWELS<\/span><\/a><\/p>\n\n\t\t<\/div>\n\t<\/div>\n<\/div><\/div><\/div><div class=\"home-prod-cat-item wpb_column vc_column_container vc_col-sm-4\"><div class=\"vc_column-inner\"><div class=\"wpb_wrapper\">\n\t<div  class=\"wpb_single_image wpb_content_element vc_align_center   home-prod-cat-item-image\">\n\t\t\n\t\t<figure class=\"wpb_wrapper vc_figure\">\n\t\t\t<a href=\"https:\/\/lofuta.com\/en\/product-category\/kimono-ve-kaftan\/\" target=\"_self\" class=\"vc_single_image-wrapper   vc_box_border_grey\"><img decoding=\"async\" width=\"231\" height=\"300\" src=\"https:\/\/lofuta.com\/wp-content\/uploads\/2025\/11\/FOTO-F-231x300.png\" class=\"vc_single_image-img attachment-medium\" alt=\"\" srcset=\"https:\/\/lofuta.com\/wp-content\/uploads\/2025\/11\/FOTO-F-231x300.png 231w, https:\/\/lofuta.com\/wp-content\/uploads\/2025\/11\/FOTO-F-788x1024.png 788w, https:\/\/lofuta.com\/wp-content\/uploads\/2025\/11\/FOTO-F-768x998.png 768w, https:\/\/lofuta.com\/wp-content\/uploads\/2025\/11\/FOTO-F-9x12.png 9w, https:\/\/lofuta.com\/wp-content\/uploads\/2025\/11\/FOTO-F-600x780.png 600w, https:\/\/lofuta.com\/wp-content\/uploads\/2025\/11\/FOTO-F.png 1000w\" sizes=\"(max-width: 231px) 100vw, 231px\" \/><\/a>\n\t\t<\/figure>\n\t<\/div>\n\n\t<div class=\"wpb_text_column wpb_content_element  home-prod-cat-item-title\" >\n\t\t<div class=\"wpb_wrapper\">\n\t\t\t<p><a href=\"https:\/\/lofuta.com\/en\/product-category\/kimono-ve-kaftan\/\"><span style=\"font-weight: 400;\">KIMONO<\/span><\/a><\/p>\n\n\t\t<\/div>\n\t<\/div>\n<\/div><\/div><\/div><div class=\"home-prod-cat-item wpb_column vc_column_container vc_col-sm-4\"><div class=\"vc_column-inner\"><div class=\"wpb_wrapper\">\n\t<div  class=\"wpb_single_image wpb_content_element vc_align_center   home-prod-cat-item-image\">\n\t\t\n\t\t<figure class=\"wpb_wrapper vc_figure\">\n\t\t\t<a href=\"https:\/\/lofuta.com\/en\/product-category\/canta\/\" target=\"_self\" class=\"vc_single_image-wrapper   vc_box_border_grey\"><img decoding=\"async\" width=\"231\" height=\"300\" src=\"https:\/\/lofuta.com\/wp-content\/uploads\/2025\/11\/FOTO-G-231x300.png\" class=\"vc_single_image-img attachment-medium\" alt=\"\" srcset=\"https:\/\/lofuta.com\/wp-content\/uploads\/2025\/11\/FOTO-G-231x300.png 231w, https:\/\/lofuta.com\/wp-content\/uploads\/2025\/11\/FOTO-G-788x1024.png 788w, https:\/\/lofuta.com\/wp-content\/uploads\/2025\/11\/FOTO-G-768x998.png 768w, https:\/\/lofuta.com\/wp-content\/uploads\/2025\/11\/FOTO-G-9x12.png 9w, https:\/\/lofuta.com\/wp-content\/uploads\/2025\/11\/FOTO-G-600x780.png 600w, https:\/\/lofuta.com\/wp-content\/uploads\/2025\/11\/FOTO-G.png 1000w\" sizes=\"(max-width: 231px) 100vw, 231px\" \/><\/a>\n\t\t<\/figure>\n\t<\/div>\n\n\t<div class=\"wpb_text_column wpb_content_element  home-prod-cat-item-title\" >\n\t\t<div class=\"wpb_wrapper\">\n\t\t\t<p><a href=\"https:\/\/lofuta.com\/en\/product-category\/canta\/\"><span style=\"font-weight: 400;\">COTTON BAG<\/span><\/a><\/p>\n\n\t\t<\/div>\n\t<\/div>\n<\/div><\/div><\/div><\/div><\/div><div data-eltd-parallax-speed=\"1\" class=\"vc_row wpb_row vc_inner vc_row-fluid eltd-section eltd-content-aligment-left\" style=\"\"><div class=\"eltd-full-section-inner\"><div class=\"home-prod-cat-item wpb_column vc_column_container vc_col-sm-4\"><div class=\"vc_column-inner\"><div class=\"wpb_wrapper\">\n\t<div  class=\"wpb_single_image wpb_content_element vc_align_center   home-prod-cat-item-image\">\n\t\t\n\t\t<figure class=\"wpb_wrapper vc_figure\">\n\t\t\t<a href=\"https:\/\/lofuta.com\/en\/product-category\/fularpareo\/\" target=\"_self\" class=\"vc_single_image-wrapper   vc_box_border_grey\"><img decoding=\"async\" width=\"300\" height=\"300\" src=\"https:\/\/lofuta.com\/wp-content\/uploads\/2025\/12\/lifestyle-shot-b661911f-318f-4a4d-bddf-286f2676a4cb-300x300.webp\" class=\"vc_single_image-img attachment-medium\" alt=\"\" srcset=\"https:\/\/lofuta.com\/wp-content\/uploads\/2025\/12\/lifestyle-shot-b661911f-318f-4a4d-bddf-286f2676a4cb-300x300.webp 300w, https:\/\/lofuta.com\/wp-content\/uploads\/2025\/12\/lifestyle-shot-b661911f-318f-4a4d-bddf-286f2676a4cb-150x150.webp 150w, https:\/\/lofuta.com\/wp-content\/uploads\/2025\/12\/lifestyle-shot-b661911f-318f-4a4d-bddf-286f2676a4cb-768x768.webp 768w, https:\/\/lofuta.com\/wp-content\/uploads\/2025\/12\/lifestyle-shot-b661911f-318f-4a4d-bddf-286f2676a4cb-12x12.webp 12w, https:\/\/lofuta.com\/wp-content\/uploads\/2025\/12\/lifestyle-shot-b661911f-318f-4a4d-bddf-286f2676a4cb-600x600.webp 600w, https:\/\/lofuta.com\/wp-content\/uploads\/2025\/12\/lifestyle-shot-b661911f-318f-4a4d-bddf-286f2676a4cb-1000x1000.webp 1000w, https:\/\/lofuta.com\/wp-content\/uploads\/2025\/12\/lifestyle-shot-b661911f-318f-4a4d-bddf-286f2676a4cb-100x100.webp 100w, https:\/\/lofuta.com\/wp-content\/uploads\/2025\/12\/lifestyle-shot-b661911f-318f-4a4d-bddf-286f2676a4cb.webp 1024w\" sizes=\"(max-width: 300px) 100vw, 300px\" \/><\/a>\n\t\t<\/figure>\n\t<\/div>\n\n\t<div class=\"wpb_text_column wpb_content_element  home-prod-cat-item-title\" >\n\t\t<div class=\"wpb_wrapper\">\n\t\t\t<p><a href=\"https:\/\/lofuta.com\/en\/product-category\/table-linen\/\"><span style=\"font-weight: 400;\">PAREO<\/span><\/a><\/p>\n\n\t\t<\/div>\n\t<\/div>\n<\/div><\/div><\/div><div class=\"home-prod-cat-item wpb_column vc_column_container vc_col-sm-4\"><div class=\"vc_column-inner\"><div class=\"wpb_wrapper\">\n\t<div  class=\"wpb_single_image wpb_content_element vc_align_center   home-prod-cat-item-image\">\n\t\t\n\t\t<figure class=\"wpb_wrapper vc_figure\">\n\t\t\t<a href=\"https:\/\/lofuta.com\/en\/product-category\/table-linen\/\" target=\"_self\" class=\"vc_single_image-wrapper   vc_box_border_grey\"><img decoding=\"async\" width=\"231\" height=\"300\" src=\"https:\/\/lofuta.com\/wp-content\/uploads\/2025\/11\/FOTO-I-231x300.png\" class=\"vc_single_image-img attachment-medium\" alt=\"\" srcset=\"https:\/\/lofuta.com\/wp-content\/uploads\/2025\/11\/FOTO-I-231x300.png 231w, https:\/\/lofuta.com\/wp-content\/uploads\/2025\/11\/FOTO-I-788x1024.png 788w, https:\/\/lofuta.com\/wp-content\/uploads\/2025\/11\/FOTO-I-768x998.png 768w, https:\/\/lofuta.com\/wp-content\/uploads\/2025\/11\/FOTO-I-9x12.png 9w, https:\/\/lofuta.com\/wp-content\/uploads\/2025\/11\/FOTO-I-600x780.png 600w, https:\/\/lofuta.com\/wp-content\/uploads\/2025\/11\/FOTO-I.png 1000w\" sizes=\"(max-width: 231px) 100vw, 231px\" \/><\/a>\n\t\t<\/figure>\n\t<\/div>\n\n\t<div class=\"wpb_text_column wpb_content_element  home-prod-cat-item-title\" >\n\t\t<div class=\"wpb_wrapper\">\n\t\t\t<p><a href=\"https:\/\/lofuta.com\/en\/product-category\/table-linen\/\"><span style=\"font-weight: 400;\">TABLE LINEN<\/span><\/a><\/p>\n\n\t\t<\/div>\n\t<\/div>\n<\/div><\/div><\/div><div class=\"home-prod-cat-item wpb_column vc_column_container vc_col-sm-4\"><div class=\"vc_column-inner\"><div class=\"wpb_wrapper\">\n\t<div  class=\"wpb_single_image wpb_content_element vc_align_center   home-prod-cat-item-image\">\n\t\t\n\t\t<figure class=\"wpb_wrapper vc_figure\">\n\t\t\t<a href=\"https:\/\/lofuta.com\/en\/product-category\/wall-art\/\" target=\"_self\" class=\"vc_single_image-wrapper   vc_box_border_grey\"><img decoding=\"async\" width=\"300\" height=\"300\" src=\"https:\/\/lofuta.com\/wp-content\/uploads\/2025\/12\/IMG-20251202-WA0015-300x300.jpg\" class=\"vc_single_image-img attachment-medium\" alt=\"\" srcset=\"https:\/\/lofuta.com\/wp-content\/uploads\/2025\/12\/IMG-20251202-WA0015-300x300.jpg 300w, https:\/\/lofuta.com\/wp-content\/uploads\/2025\/12\/IMG-20251202-WA0015-150x150.jpg 150w, https:\/\/lofuta.com\/wp-content\/uploads\/2025\/12\/IMG-20251202-WA0015-768x768.jpg 768w, https:\/\/lofuta.com\/wp-content\/uploads\/2025\/12\/IMG-20251202-WA0015-12x12.jpg 12w, https:\/\/lofuta.com\/wp-content\/uploads\/2025\/12\/IMG-20251202-WA0015-600x600.jpg 600w, https:\/\/lofuta.com\/wp-content\/uploads\/2025\/12\/IMG-20251202-WA0015-1000x1000.jpg 1000w, https:\/\/lofuta.com\/wp-content\/uploads\/2025\/12\/IMG-20251202-WA0015-100x100.jpg 100w, https:\/\/lofuta.com\/wp-content\/uploads\/2025\/12\/IMG-20251202-WA0015.jpg 1024w\" sizes=\"(max-width: 300px) 100vw, 300px\" \/><\/a>\n\t\t<\/figure>\n\t<\/div>\n\n\t<div class=\"wpb_text_column wpb_content_element  home-prod-cat-item-title\" >\n\t\t<div class=\"wpb_wrapper\">\n\t\t\t<h4><a href=\"https:\/\/lofuta.com\/en\/product-category\/wall-art\/\"><span style=\"font-weight: 400;\">WALL ART<\/span><\/a><\/h4>\n\n\t\t<\/div>\n\t<\/div>\n<\/div><\/div><\/div><\/div><\/div><div data-eltd-parallax-speed=\"1\" class=\"vc_row wpb_row vc_inner vc_row-fluid eltd-section eltd-content-aligment-left\" style=\"\"><div class=\"eltd-full-section-inner\"><div class=\"home-prod-cat-item wpb_column vc_column_container vc_col-sm-4\"><div class=\"vc_column-inner\"><div class=\"wpb_wrapper\"><\/div><\/div><\/div><div class=\"home-prod-cat-item wpb_column vc_column_container vc_col-sm-4\"><div class=\"vc_column-inner\"><div class=\"wpb_wrapper\">\n\t<div  class=\"wpb_single_image wpb_content_element vc_align_center   home-prod-cat-item-image\">\n\t\t\n\t\t<figure class=\"wpb_wrapper vc_figure\">\n\t\t\t<a href=\"https:\/\/lofuta.com\/en\/product-category\/kirlent\/\" target=\"_self\" class=\"vc_single_image-wrapper   vc_box_border_grey\"><img decoding=\"async\" width=\"200\" height=\"300\" src=\"https:\/\/lofuta.com\/wp-content\/uploads\/2026\/04\/Adsiz-tasarim-24-200x300.webp\" class=\"vc_single_image-img attachment-medium\" alt=\"\" srcset=\"https:\/\/lofuta.com\/wp-content\/uploads\/2026\/04\/Adsiz-tasarim-24-200x300.webp 200w, https:\/\/lofuta.com\/wp-content\/uploads\/2026\/04\/Adsiz-tasarim-24-683x1024.webp 683w, https:\/\/lofuta.com\/wp-content\/uploads\/2026\/04\/Adsiz-tasarim-24-768x1152.webp 768w, https:\/\/lofuta.com\/wp-content\/uploads\/2026\/04\/Adsiz-tasarim-24-8x12.webp 8w, https:\/\/lofuta.com\/wp-content\/uploads\/2026\/04\/Adsiz-tasarim-24-382x575.webp 382w, https:\/\/lofuta.com\/wp-content\/uploads\/2026\/04\/Adsiz-tasarim-24-600x900.webp 600w, https:\/\/lofuta.com\/wp-content\/uploads\/2026\/04\/Adsiz-tasarim-24.webp 1000w\" sizes=\"(max-width: 200px) 100vw, 200px\" \/><\/a>\n\t\t<\/figure>\n\t<\/div>\n\n\t<div class=\"wpb_text_column wpb_content_element  home-prod-cat-item-title\" >\n\t\t<div class=\"wpb_wrapper\">\n\t\t\t<p><a href=\"https:\/\/lofuta.com\/en\/product-category\/kirlent\/\"><span style=\"font-weight: 400;\">CUSHION<\/span><\/a><\/p>\n\n\t\t<\/div>\n\t<\/div>\n<\/div><\/div><\/div><div class=\"home-prod-cat-item wpb_column vc_column_container vc_col-sm-4\"><div class=\"vc_column-inner\"><div class=\"wpb_wrapper\"><\/div><\/div><\/div><\/div><\/div><div class=\"vc_empty_space\"   style=\"height: 20px\"><span class=\"vc_empty_space_inner\"><\/span><\/div><\/div><\/div><\/div><div class=\"wpb_column vc_column_container vc_col-sm-2\"><div class=\"vc_column-inner\"><div class=\"wpb_wrapper\"><\/div><\/div><\/div><\/div><\/div><div class=\"vc_row wpb_row vc_row-fluid eltd-section hero-last-par-wrap eltd-content-aligment-left\" style=\"\"><div class=\"clearfix eltd-full-section-inner\"><div class=\"wpb_column vc_column_container vc_col-sm-2\"><div class=\"vc_column-inner\"><div class=\"wpb_wrapper\"><\/div><\/div><\/div><div class=\"wpb_column vc_column_container vc_col-sm-8\"><div class=\"vc_column-inner\"><div class=\"wpb_wrapper\"><div data-eltd-parallax-speed=\"1\" class=\"vc_row wpb_row vc_inner vc_row-fluid eltd-section eltd-content-aligment-left\" style=\"\"><div class=\"eltd-full-section-inner\"><div class=\"wpb_column vc_column_container vc_col-sm-6\"><div class=\"vc_column-inner\"><div class=\"wpb_wrapper\">\n\t<div class=\"wpb_text_column wpb_content_element  hero-last-par\" >\n\t\t<div class=\"wpb_wrapper\">\n\t\t\t<h4 style=\"text-align: center;\"><strong>Where Traditional Weaving Meets Contemporary Design.<\/strong><\/h4>\n<p style=\"text-align: center;\">At Lofuta, we are not merely weavers; we are custodians of the craft.<span style=\"font-weight: 400;\"> We put people, their visions, and the <\/span>Aegean heritage of craftsmanship<span style=\"font-weight: 400;\"> at the heart of what we do. And what we do is create <\/span>heirloom-quality woven goods<span style=\"font-weight: 400;\">, a commitment to products meant to be passed down through generations.<\/span><\/p>\n\n\t\t<\/div>\n\t<\/div>\n<a href=\"https:\/\/lofuta.com\/en\/biz-kimiz\/\" target=\"_self\" style=\"border-color: #b79c7d;font-weight: 100;margin: 3px 3px 3px 3px\" class=\"eltd-btn eltd-btn-large eltd-btn-solid eltd-btn-icon mx-auto\"  >\n    <span class=\"eltd-btn-text\">About Lofuta<\/span>\n    <i class=\"eltd-icon-font-awesome fa fa-arrow-right\" ><\/i>    <span class=\"eltd-btn-overlay\"   ><\/span>\n<\/a><\/div><\/div><\/div><div class=\"hero-last-par-image wpb_column vc_column_container vc_col-sm-6 vc_col-has-fill\"><div class=\"vc_column-inner vc_custom_1762261730470\"><div class=\"wpb_wrapper\">\n\t<div  class=\"wpb_single_image wpb_content_element vc_align_center  vc_custom_1762261741923  full-about-image-home\">\n\t\t\n\t\t<figure class=\"wpb_wrapper vc_figure\">\n\t\t\t<div class=\"vc_single_image-wrapper   vc_box_border_grey\"><img decoding=\"async\" width=\"768\" height=\"1024\" src=\"https:\/\/lofuta.com\/wp-content\/uploads\/2025\/11\/FOTO-K-768x1024.webp\" class=\"vc_single_image-img attachment-large\" alt=\"\" srcset=\"https:\/\/lofuta.com\/wp-content\/uploads\/2025\/11\/FOTO-K-768x1024.webp 768w, https:\/\/lofuta.com\/wp-content\/uploads\/2025\/11\/FOTO-K-225x300.webp 225w, https:\/\/lofuta.com\/wp-content\/uploads\/2025\/11\/FOTO-K-1152x1536.webp 1152w, https:\/\/lofuta.com\/wp-content\/uploads\/2025\/11\/FOTO-K-9x12.webp 9w, https:\/\/lofuta.com\/wp-content\/uploads\/2025\/11\/FOTO-K-600x800.webp 600w, https:\/\/lofuta.com\/wp-content\/uploads\/2025\/11\/FOTO-K.webp 1500w\" sizes=\"(max-width: 768px) 100vw, 768px\" \/><\/div>\n\t\t<\/figure>\n\t<\/div>\n<\/div><\/div><\/div><\/div><\/div><\/div><\/div><\/div><div class=\"wpb_column vc_column_container vc_col-sm-2\"><div class=\"vc_column-inner\"><div class=\"wpb_wrapper\"><\/div><\/div><\/div><\/div><\/div><div class=\"vc_row wpb_row vc_row-fluid eltd-section hero-last-par-wrap eltd-content-aligment-left\" style=\"\"><div class=\"clearfix eltd-full-section-inner\"><div class=\"wpb_column vc_column_container vc_col-sm-2\"><div class=\"vc_column-inner\"><div class=\"wpb_wrapper\"><\/div><\/div><\/div><div class=\"wpb_column vc_column_container vc_col-sm-8\"><div class=\"vc_column-inner\"><div class=\"wpb_wrapper\"><div data-eltd-parallax-speed=\"1\" class=\"vc_row wpb_row vc_inner vc_row-fluid eltd-section eltd-content-aligment-left\" style=\"\"><div class=\"eltd-full-section-inner\"><div class=\"hero-last-par-image wpb_column vc_column_container vc_col-sm-6 vc_col-has-fill\"><div class=\"vc_column-inner vc_custom_1762261730470\"><div class=\"wpb_wrapper\">\n\t<div  class=\"wpb_single_image wpb_content_element vc_align_center  vc_custom_1762262007706  full-about-image-home\">\n\t\t\n\t\t<figure class=\"wpb_wrapper vc_figure\">\n\t\t\t<div class=\"vc_single_image-wrapper   vc_box_border_grey\"><img decoding=\"async\" width=\"768\" height=\"1024\" src=\"https:\/\/lofuta.com\/wp-content\/uploads\/2025\/11\/FOTO-L-768x1024.webp\" class=\"vc_single_image-img attachment-large\" alt=\"\" srcset=\"https:\/\/lofuta.com\/wp-content\/uploads\/2025\/11\/FOTO-L-768x1024.webp 768w, https:\/\/lofuta.com\/wp-content\/uploads\/2025\/11\/FOTO-L-225x300.webp 225w, https:\/\/lofuta.com\/wp-content\/uploads\/2025\/11\/FOTO-L-1152x1536.webp 1152w, https:\/\/lofuta.com\/wp-content\/uploads\/2025\/11\/FOTO-L-9x12.webp 9w, https:\/\/lofuta.com\/wp-content\/uploads\/2025\/11\/FOTO-L-600x800.webp 600w, https:\/\/lofuta.com\/wp-content\/uploads\/2025\/11\/FOTO-L.webp 1500w\" sizes=\"(max-width: 768px) 100vw, 768px\" \/><\/div>\n\t\t<\/figure>\n\t<\/div>\n<\/div><\/div><\/div><div class=\"wpb_column vc_column_container vc_col-sm-6\"><div class=\"vc_column-inner\"><div class=\"wpb_wrapper\">\n\t<div class=\"wpb_text_column wpb_content_element  hero-last-par\" >\n\t\t<div class=\"wpb_wrapper\">\n\t\t\t<h4 style=\"text-align: center;\"><b>Join the Lofuta Family.<\/b><\/h4>\n<p style=\"text-align: center;\">Sign up for special offers, product launches, fresh news from The Lofuta Mills, and inspirational stories from the world of weaving. Become a part of our textile craftsmanship and sustainability journey.<\/p>\n\n\t\t<\/div>\n\t<\/div>\n<\/div><\/div><\/div><\/div><\/div><\/div><\/div><\/div><div class=\"wpb_column vc_column_container vc_col-sm-2\"><div class=\"vc_column-inner\"><div class=\"wpb_wrapper\"><\/div><\/div><\/div><\/div><\/div>","protected":false},"excerpt":{"rendered":"Yeni Koleksiyonumuza Yer A\u00e7\u0131yoruz. \u00dcr\u00fcnler Koleksiyonumuz PE\u015eTAMAL KIMONO BEZ \u00c7ANTA PAREO SOFRA TEKST\u0130L\u0130 DUVAR DOKUMALARI KIRLENT Where Traditional Weaving Meets Contemporary Design. At Lofuta, we are not merely weavers; we are custodians of the craft. We put people, their visions, and the Aegean heritage of...","protected":false},"author":1,"featured_media":0,"parent":0,"menu_order":0,"comment_status":"closed","ping_status":"closed","template":"full-width.php","meta":{"inline_featured_image":false,"footnotes":""},"class_list":["post-9219","page","type-page","status-publish","hentry"],"_links":{"self":[{"href":"https:\/\/lofuta.com\/en\/wp-json\/wp\/v2\/pages\/9219","targetHints":{"allow":["GET"]}}],"collection":[{"href":"https:\/\/lofuta.com\/en\/wp-json\/wp\/v2\/pages"}],"about":[{"href":"https:\/\/lofuta.com\/en\/wp-json\/wp\/v2\/types\/page"}],"author":[{"embeddable":true,"href":"https:\/\/lofuta.com\/en\/wp-json\/wp\/v2\/users\/1"}],"replies":[{"embeddable":true,"href":"https:\/\/lofuta.com\/en\/wp-json\/wp\/v2\/comments?post=9219"}],"version-history":[{"count":25,"href":"https:\/\/lofuta.com\/en\/wp-json\/wp\/v2\/pages\/9219\/revisions"}],"predecessor-version":[{"id":12574,"href":"https:\/\/lofuta.com\/en\/wp-json\/wp\/v2\/pages\/9219\/revisions\/12574"}],"wp:attachment":[{"href":"https:\/\/lofuta.com\/en\/wp-json\/wp\/v2\/media?parent=9219"}],"curies":[{"name":"wp","href":"https:\/\/api.w.org\/{rel}","templated":true}]}}