{"id":12518,"date":"2026-04-07T10:48:49","date_gmt":"2026-04-07T10:48:49","guid":{"rendered":"https:\/\/lofuta.com\/?page_id=12518"},"modified":"2026-04-15T16:56:58","modified_gmt":"2026-04-15T16:56:58","slug":"satis-noktalari","status":"publish","type":"page","link":"https:\/\/lofuta.com\/en\/satis-noktalari\/","title":{"rendered":"Sales Points"},"content":{"rendered":"<div class=\"vc_row wpb_row vc_row-fluid eltd-section eltd-content-aligment-left\" style=\"\"><div class=\"clearfix eltd-full-section-inner\"><div class=\"wpb_column vc_column_container vc_col-sm-2\"><div class=\"vc_column-inner\"><div class=\"wpb_wrapper\"><\/div><\/div><\/div><div class=\"wpb_column vc_column_container vc_col-sm-8\"><div class=\"vc_column-inner vc_custom_1715075758280\"><div class=\"wpb_wrapper\"><div data-eltd-parallax-speed=\"1\" class=\"vc_row wpb_row vc_inner vc_row-fluid eltd-section eltd-content-aligment-left\" style=\"\"><div class=\"eltd-full-section-inner\"><div class=\"wpb_column vc_column_container vc_col-sm-3\"><div class=\"vc_column-inner\"><div class=\"wpb_wrapper\"><div class=\"eltd-section-title-outer-holder\" style=\"text-align: left\">\n\t<div class=\"eltd-section-title-title-holder\">\n\t\t<span class=\"eltd-section-title\" style=\";font-size: 16px;;;;\">\n\t\t\tOnline Stores\t\t<\/span>\n\t<\/div>\n    <span class=\"eltd-title-separator eltd-enable-separator\" ><\/span>\n\n\t<div class=\"eltd-section-subtitle-holder\">\n\t\t<span class=\"eltd-section-subtitle\" style=\";;;;;\">\n\t\t\t\t\t<\/span>\n\t<\/div>\n\n<\/div><\/div><\/div><\/div><div class=\"wpb_column vc_column_container vc_col-sm-9\"><div class=\"vc_column-inner\"><div class=\"wpb_wrapper\"><div class=\"wpb_gallery wpb_content_element vc_clearfix  dedicate\" ><div class=\"wpb_wrapper\"><div class=\"wpb_gallery_slides wpb_image_grid\" data-interval=\"3\"><ul class=\"wpb_image_grid_ul\"><li class=\"isotope-item\"><a href=\"https:\/\/localmakers.com.tr\/search?q=lofuta\" target=\"_self\" rel=\"noopener\"><img decoding=\"async\" width=\"160\" height=\"96\" src=\"https:\/\/lofuta.com\/wp-content\/uploads\/2025\/11\/localmakers.avif\" class=\"attachment-full\" alt=\"\" srcset=\"https:\/\/lofuta.com\/wp-content\/uploads\/2025\/11\/localmakers.avif 160w, https:\/\/lofuta.com\/wp-content\/uploads\/2025\/11\/localmakers-18x12.avif 18w\" sizes=\"(max-width: 160px) 100vw, 160px\" \/><\/a><\/li><li class=\"isotope-item\"><a href=\"https:\/\/www.hipicon.com\/lofuta\" target=\"_self\" rel=\"noopener\"><img decoding=\"async\" width=\"150\" height=\"46\" src=\"https:\/\/lofuta.com\/wp-content\/uploads\/2025\/11\/hipicon.svg\" class=\"attachment-full\" alt=\"\" \/><\/a><\/li><li class=\"isotope-item\"><a href=\"https:\/\/milagron.com\/collections\/lofuta\" target=\"_self\" rel=\"noopener\"><img decoding=\"async\" width=\"350\" height=\"88\" src=\"https:\/\/lofuta.com\/wp-content\/uploads\/2025\/11\/Milagron_Logo.avif\" class=\"attachment-full\" alt=\"\" srcset=\"https:\/\/lofuta.com\/wp-content\/uploads\/2025\/11\/Milagron_Logo.avif 350w, https:\/\/lofuta.com\/wp-content\/uploads\/2025\/11\/Milagron_Logo-300x75.avif 300w, https:\/\/lofuta.com\/wp-content\/uploads\/2025\/11\/Milagron_Logo-18x5.avif 18w\" sizes=\"(max-width: 350px) 100vw, 350px\" \/><\/a><\/li><\/ul><\/div><\/div><\/div><div class=\"wpb_gallery wpb_content_element vc_clearfix vc_custom_1762265503851  dedicate\" ><div class=\"wpb_wrapper\"><div class=\"wpb_gallery_slides wpb_image_grid\" data-interval=\"3\"><ul class=\"wpb_image_grid_ul\"><li class=\"isotope-item\"><a href=\"https:\/\/antigoni6.com\/search?q=lofuta\" target=\"_self\" rel=\"noopener\"><img decoding=\"async\" width=\"230\" height=\"104\" src=\"https:\/\/lofuta.com\/wp-content\/uploads\/2025\/11\/antigoni.avif\" class=\"attachment-full\" alt=\"\" srcset=\"https:\/\/lofuta.com\/wp-content\/uploads\/2025\/11\/antigoni.avif 230w, https:\/\/lofuta.com\/wp-content\/uploads\/2025\/11\/antigoni-18x8.avif 18w\" sizes=\"(max-width: 230px) 100vw, 230px\" \/><\/a><\/li><li class=\"isotope-item\"><a href=\"https:\/\/www.hiandco.tr\/Arama?1&#038;kelime=lofuta\" target=\"_self\" rel=\"noopener\"><img decoding=\"async\" width=\"1252\" height=\"423\" src=\"https:\/\/lofuta.com\/wp-content\/uploads\/2025\/11\/hiandco.webp\" class=\"attachment-full\" alt=\"\" srcset=\"https:\/\/lofuta.com\/wp-content\/uploads\/2025\/11\/hiandco.webp 1252w, https:\/\/lofuta.com\/wp-content\/uploads\/2025\/11\/hiandco-300x101.webp 300w, https:\/\/lofuta.com\/wp-content\/uploads\/2025\/11\/hiandco-1024x346.webp 1024w, https:\/\/lofuta.com\/wp-content\/uploads\/2025\/11\/hiandco-768x259.webp 768w, https:\/\/lofuta.com\/wp-content\/uploads\/2025\/11\/hiandco-18x6.webp 18w, https:\/\/lofuta.com\/wp-content\/uploads\/2025\/11\/hiandco-600x203.webp 600w\" sizes=\"(max-width: 1252px) 100vw, 1252px\" \/><\/a><\/li><li class=\"isotope-item\"><a href=\"https:\/\/apps.apple.com\/us\/app\/chiton-fashion\/id6479427779\" target=\"_self\" rel=\"noopener\"><img decoding=\"async\" width=\"2000\" height=\"452\" src=\"https:\/\/lofuta.com\/wp-content\/uploads\/2025\/11\/Chiton.webp\" class=\"attachment-full\" alt=\"\" srcset=\"https:\/\/lofuta.com\/wp-content\/uploads\/2025\/11\/Chiton.webp 2000w, https:\/\/lofuta.com\/wp-content\/uploads\/2025\/11\/Chiton-300x68.webp 300w, https:\/\/lofuta.com\/wp-content\/uploads\/2025\/11\/Chiton-1024x231.webp 1024w, https:\/\/lofuta.com\/wp-content\/uploads\/2025\/11\/Chiton-768x174.webp 768w, https:\/\/lofuta.com\/wp-content\/uploads\/2025\/11\/Chiton-1536x347.webp 1536w, https:\/\/lofuta.com\/wp-content\/uploads\/2025\/11\/Chiton-18x4.webp 18w, https:\/\/lofuta.com\/wp-content\/uploads\/2025\/11\/Chiton-600x136.webp 600w\" sizes=\"(max-width: 2000px) 100vw, 2000px\" \/><\/a><\/li><\/ul><\/div><\/div><\/div><div class=\"wpb_gallery wpb_content_element vc_clearfix vc_custom_1762265495189  dedicate\" ><div class=\"wpb_wrapper\"><div class=\"wpb_gallery_slides wpb_image_grid\" data-interval=\"3\"><ul class=\"wpb_image_grid_ul\"><li class=\"isotope-item\"><a href=\"https:\/\/www.tagkloi.com\/tr\/lofuta\" target=\"_self\" rel=\"noopener\"><img decoding=\"async\" width=\"241\" height=\"52\" src=\"https:\/\/lofuta.com\/wp-content\/uploads\/2025\/11\/tagcloi.webp\" class=\"attachment-full\" alt=\"\" srcset=\"https:\/\/lofuta.com\/wp-content\/uploads\/2025\/11\/tagcloi.webp 241w, https:\/\/lofuta.com\/wp-content\/uploads\/2025\/11\/tagcloi-18x4.webp 18w\" sizes=\"(max-width: 241px) 100vw, 241px\" \/><\/a><\/li><li class=\"isotope-item\"><a href=\"https:\/\/casaserenaliving.com\/en\/collections\/lofuta-textile-design\" target=\"_self\" rel=\"noopener\"><img decoding=\"async\" width=\"120\" height=\"119\" src=\"https:\/\/lofuta.com\/wp-content\/uploads\/2025\/11\/Casaserena_Isotipo_Color.avif\" class=\"attachment-full\" alt=\"\" srcset=\"https:\/\/lofuta.com\/wp-content\/uploads\/2025\/11\/Casaserena_Isotipo_Color.avif 120w, https:\/\/lofuta.com\/wp-content\/uploads\/2025\/11\/Casaserena_Isotipo_Color-12x12.avif 12w, https:\/\/lofuta.com\/wp-content\/uploads\/2025\/11\/Casaserena_Isotipo_Color-100x100.avif 100w\" sizes=\"(max-width: 120px) 100vw, 120px\" \/><\/a><\/li><\/ul><\/div><\/div><\/div><\/div><\/div><\/div><\/div><\/div><\/div><\/div><\/div><div class=\"wpb_column vc_column_container vc_col-sm-2\"><div class=\"vc_column-inner\"><div class=\"wpb_wrapper\"><\/div><\/div><\/div><\/div><\/div><div class=\"vc_row wpb_row vc_row-fluid eltd-section eltd-content-aligment-left\" style=\"\"><div class=\"clearfix eltd-full-section-inner\"><div class=\"wpb_column vc_column_container vc_col-sm-2\"><div class=\"vc_column-inner\"><div class=\"wpb_wrapper\"><\/div><\/div><\/div><div class=\"wpb_column vc_column_container vc_col-sm-8\"><div class=\"vc_column-inner vc_custom_1715075758280\"><div class=\"wpb_wrapper\"><div data-eltd-parallax-speed=\"1\" class=\"vc_row wpb_row vc_inner vc_row-fluid eltd-section eltd-content-aligment-left\" style=\"\"><div class=\"eltd-full-section-inner\"><div class=\"wpb_column vc_column_container vc_col-sm-3\"><div class=\"vc_column-inner\"><div class=\"wpb_wrapper\"><div class=\"eltd-section-title-outer-holder\" style=\"text-align: left\">\n\t<div class=\"eltd-section-title-title-holder\">\n\t\t<span class=\"eltd-section-title\" style=\";font-size: 16px;;;;\">\n\t\t\tConcept Stores\t\t<\/span>\n\t<\/div>\n    <span class=\"eltd-title-separator eltd-enable-separator\" ><\/span>\n\n\t<div class=\"eltd-section-subtitle-holder\">\n\t\t<span class=\"eltd-section-subtitle\" style=\";;;;;\">\n\t\t\t\t\t<\/span>\n\t<\/div>\n\n<\/div><\/div><\/div><\/div><div class=\"wpb_column vc_column_container vc_col-sm-9\"><div class=\"vc_column-inner\"><div class=\"wpb_wrapper\"><div class=\"wpb_gallery wpb_content_element vc_clearfix  dedicate\" ><div class=\"wpb_wrapper\"><div class=\"wpb_gallery_slides wpb_image_grid\" data-interval=\"3\"><ul class=\"wpb_image_grid_ul\"><li class=\"isotope-item\"><a href=\"https:\/\/www.instagram.com\/gibibodrum\/\" target=\"_self\" rel=\"noopener\"><img decoding=\"async\" width=\"1080\" height=\"1080\" src=\"https:\/\/lofuta.com\/wp-content\/uploads\/2025\/11\/gibibodrum.jpg\" class=\"attachment-full\" alt=\"\" srcset=\"https:\/\/lofuta.com\/wp-content\/uploads\/2025\/11\/gibibodrum.jpg 1080w, https:\/\/lofuta.com\/wp-content\/uploads\/2025\/11\/gibibodrum-300x300.jpg 300w, https:\/\/lofuta.com\/wp-content\/uploads\/2025\/11\/gibibodrum-1024x1024.jpg 1024w, https:\/\/lofuta.com\/wp-content\/uploads\/2025\/11\/gibibodrum-150x150.jpg 150w, https:\/\/lofuta.com\/wp-content\/uploads\/2025\/11\/gibibodrum-768x768.jpg 768w, https:\/\/lofuta.com\/wp-content\/uploads\/2025\/11\/gibibodrum-12x12.jpg 12w, https:\/\/lofuta.com\/wp-content\/uploads\/2025\/11\/gibibodrum-600x600.jpg 600w, https:\/\/lofuta.com\/wp-content\/uploads\/2025\/11\/gibibodrum-1000x1000.jpg 1000w, https:\/\/lofuta.com\/wp-content\/uploads\/2025\/11\/gibibodrum-100x100.jpg 100w\" sizes=\"(max-width: 1080px) 100vw, 1080px\" \/><\/a><\/li><li class=\"isotope-item\"><a href=\"https:\/\/www.instagram.com\/tipsystore.co\/\" target=\"_self\" rel=\"noopener\"><img decoding=\"async\" width=\"1080\" height=\"1080\" src=\"https:\/\/lofuta.com\/wp-content\/uploads\/2025\/11\/tipsy.jpg\" class=\"attachment-full\" alt=\"\" srcset=\"https:\/\/lofuta.com\/wp-content\/uploads\/2025\/11\/tipsy.jpg 1080w, https:\/\/lofuta.com\/wp-content\/uploads\/2025\/11\/tipsy-300x300.jpg 300w, https:\/\/lofuta.com\/wp-content\/uploads\/2025\/11\/tipsy-1024x1024.jpg 1024w, https:\/\/lofuta.com\/wp-content\/uploads\/2025\/11\/tipsy-150x150.jpg 150w, https:\/\/lofuta.com\/wp-content\/uploads\/2025\/11\/tipsy-768x768.jpg 768w, https:\/\/lofuta.com\/wp-content\/uploads\/2025\/11\/tipsy-12x12.jpg 12w, https:\/\/lofuta.com\/wp-content\/uploads\/2025\/11\/tipsy-600x600.jpg 600w, https:\/\/lofuta.com\/wp-content\/uploads\/2025\/11\/tipsy-1000x1000.jpg 1000w, https:\/\/lofuta.com\/wp-content\/uploads\/2025\/11\/tipsy-100x100.jpg 100w\" sizes=\"(max-width: 1080px) 100vw, 1080px\" \/><\/a><\/li><li class=\"isotope-item\"><a href=\"https:\/\/www.santoshacircle.com\/\" target=\"_self\" rel=\"noopener\"><img decoding=\"async\" width=\"132\" height=\"68\" src=\"https:\/\/lofuta.com\/wp-content\/uploads\/2026\/04\/LOGO_TERRACOTTA.avif\" class=\"attachment-full\" alt=\"\" srcset=\"https:\/\/lofuta.com\/wp-content\/uploads\/2026\/04\/LOGO_TERRACOTTA.avif 132w, https:\/\/lofuta.com\/wp-content\/uploads\/2026\/04\/LOGO_TERRACOTTA-18x9.avif 18w\" sizes=\"(max-width: 132px) 100vw, 132px\" \/><\/a><\/li><\/ul><\/div><\/div><\/div><\/div><\/div><\/div><\/div><\/div><\/div><\/div><\/div><div class=\"wpb_column vc_column_container vc_col-sm-2\"><div class=\"vc_column-inner\"><div class=\"wpb_wrapper\"><\/div><\/div><\/div><\/div><\/div>","protected":false},"excerpt":{"rendered":"\u00c7evrimi\u00e7i Ma\u011fazalar Konsept Ma\u011fazalar","protected":false},"author":1,"featured_media":0,"parent":0,"menu_order":0,"comment_status":"closed","ping_status":"closed","template":"","meta":{"inline_featured_image":false,"footnotes":""},"class_list":["post-12518","page","type-page","status-publish","hentry"],"_links":{"self":[{"href":"https:\/\/lofuta.com\/en\/wp-json\/wp\/v2\/pages\/12518","targetHints":{"allow":["GET"]}}],"collection":[{"href":"https:\/\/lofuta.com\/en\/wp-json\/wp\/v2\/pages"}],"about":[{"href":"https:\/\/lofuta.com\/en\/wp-json\/wp\/v2\/types\/page"}],"author":[{"embeddable":true,"href":"https:\/\/lofuta.com\/en\/wp-json\/wp\/v2\/users\/1"}],"replies":[{"embeddable":true,"href":"https:\/\/lofuta.com\/en\/wp-json\/wp\/v2\/comments?post=12518"}],"version-history":[{"count":5,"href":"https:\/\/lofuta.com\/en\/wp-json\/wp\/v2\/pages\/12518\/revisions"}],"predecessor-version":[{"id":12564,"href":"https:\/\/lofuta.com\/en\/wp-json\/wp\/v2\/pages\/12518\/revisions\/12564"}],"wp:attachment":[{"href":"https:\/\/lofuta.com\/en\/wp-json\/wp\/v2\/media?parent=12518"}],"curies":[{"name":"wp","href":"https:\/\/api.w.org\/{rel}","templated":true}]}}