{"id":12338,"date":"2026-01-21T08:19:12","date_gmt":"2026-01-21T08:19:12","guid":{"rendered":"https:\/\/lofuta.com\/?page_id=12338"},"modified":"2026-01-21T08:21:53","modified_gmt":"2026-01-21T08:21:53","slug":"teknik-kunye","status":"publish","type":"page","link":"https:\/\/lofuta.com\/en\/teknik-kunye\/","title":{"rendered":"Teknik K\u00fcnye"},"content":{"rendered":"<p>Lofuta.com, teknik altyap\u0131 ve yaz\u0131l\u0131m sorumlulu\u011fu <a href=\"https:\/\/helian.work\" target=\"_blank\" rel=\"noreferrer noopener\">HELIAN.work<\/a> firmas\u0131na aittir.<\/p>\n\n\n\n<p>Teknik bir sorun ya\u015fad\u0131\u011f\u0131n\u0131z takdirde <a href=\"mailto:info@helian.work\">info@helian.work<\/a> adresine e-posta ileterek teknik destek alabilirsiniz.<\/p>","protected":false},"excerpt":{"rendered":"<p>Lofuta.com, teknik altyap\u0131 ve yaz\u0131l\u0131m sorumlulu\u011fu HELIAN.work firmas\u0131na aittir. Teknik bir sorun ya\u015fad\u0131\u011f\u0131n\u0131z takdirde info@helian.work adresine e-posta ileterek teknik destek alabilirsiniz.<\/p>","protected":false},"author":1,"featured_media":0,"parent":0,"menu_order":0,"comment_status":"closed","ping_status":"closed","template":"","meta":{"inline_featured_image":false,"footnotes":""},"class_list":["post-12338","page","type-page","status-publish","hentry"],"_links":{"self":[{"href":"https:\/\/lofuta.com\/en\/wp-json\/wp\/v2\/pages\/12338","targetHints":{"allow":["GET"]}}],"collection":[{"href":"https:\/\/lofuta.com\/en\/wp-json\/wp\/v2\/pages"}],"about":[{"href":"https:\/\/lofuta.com\/en\/wp-json\/wp\/v2\/types\/page"}],"author":[{"embeddable":true,"href":"https:\/\/lofuta.com\/en\/wp-json\/wp\/v2\/users\/1"}],"replies":[{"embeddable":true,"href":"https:\/\/lofuta.com\/en\/wp-json\/wp\/v2\/comments?post=12338"}],"version-history":[{"count":0,"href":"https:\/\/lofuta.com\/en\/wp-json\/wp\/v2\/pages\/12338\/revisions"}],"wp:attachment":[{"href":"https:\/\/lofuta.com\/en\/wp-json\/wp\/v2\/media?parent=12338"}],"curies":[{"name":"wp","href":"https:\/\/api.w.org\/{rel}","templated":true}]}}