{"id":11,"date":"2024-03-27T10:26:09","date_gmt":"2024-03-27T10:26:09","guid":{"rendered":"https:\/\/lofuta.com\/?page_id=11"},"modified":"2024-04-25T15:26:20","modified_gmt":"2024-04-25T15:26:20","slug":"geri-odeme-ve-iade-politikasi","status":"publish","type":"page","link":"https:\/\/lofuta.com\/en\/geri-odeme-ve-iade-politikasi\/","title":{"rendered":"Refund and Return Policy"},"content":{"rendered":"\r\n<p><strong>Giri\u015f<\/strong><\/p>\r\n\r\n\r\n\r\n<p>Lofuta (&#8220;\u015eirket&#8221;, &#8220;biz&#8221;, &#8220;bizim&#8221; veya &#8220;Lofuta&#8221;), [web sitesi adresi] adresinde bulunan bir e-ticaret web sitesidir. Bu Geri \u00d6deme ve \u0130ade Politikas\u0131 (&#8220;Politika&#8221;), sizin (&#8220;kullan\u0131c\u0131&#8221;, &#8220;siz&#8221; veya &#8220;sizin&#8221;) web sitemizi kullan\u0131m\u0131n\u0131zla ilgili olarak sat\u0131n ald\u0131\u011f\u0131n\u0131z \u00fcr\u00fcnler i\u00e7in iade ve geri \u00f6deme haklar\u0131n\u0131z hakk\u0131nda bilgi verir.<\/p>\r\n\r\n\r\n\r\n<p><strong>\u0130ade Hakk\u0131<\/strong><\/p>\r\n\r\n\r\n\r\n<p>Sat\u0131n ald\u0131\u011f\u0131n\u0131z \u00fcr\u00fcnlerden memnun kalmaman\u0131z durumunda, \u00fcr\u00fcn\u00fc sat\u0131n alma tarihinden itibaren 14 g\u00fcn i\u00e7erisinde iade edebilirsiniz. \u0130ade etmek istedi\u011finiz \u00fcr\u00fcnler, orijinal ambalaj\u0131nda, kullan\u0131lmam\u0131\u015f ve hasars\u0131z olmal\u0131d\u0131r.<\/p>\r\n\r\n\r\n\r\n<p><strong>\u0130ade S\u00fcreci<\/strong><\/p>\r\n\r\n\r\n\r\n<p>\u00dcr\u00fcn\u00fc iade etmek istedi\u011finizde, l\u00fctfen info@lofuta.com adresinden bizimle ileti\u015fime ge\u00e7in. Size bir iade formu ve iade talimatlar\u0131 g\u00f6nderece\u011fiz.<\/p>\r\n\r\n\r\n\r\n<p>\u0130ade formunu doldurup, \u00fcr\u00fcn\u00fc ve iade formunu orijinal ambalaj\u0131nda bize geri g\u00f6ndermeniz gerekir. \u00dcr\u00fcn\u00fc bize ula\u015ft\u0131ktan sonra, iadenizi inceleyece\u011fiz ve onaylarsak, \u00f6dedi\u011finiz tutar\u0131 orijinal \u00f6deme y\u00f6nteminize iade edece\u011fiz.<\/p>\r\n\r\n\r\n\r\n<p><strong>\u0130ade Masraflar\u0131<\/strong><\/p>\r\n\r\n\r\n\r\n<p>\u0130ade masraflar\u0131 al\u0131c\u0131ya aittir.<\/p>\r\n\r\n\r\n\r\n<p><strong>Geri \u00d6deme S\u00fcresi<\/strong><\/p>\r\n\r\n\r\n\r\n<p>\u0130adeniz onayland\u0131ktan sonra, \u00f6dedi\u011finiz tutar 7 i\u015f g\u00fcn\u00fc i\u00e7erisinde orijinal \u00f6deme y\u00f6nteminize iade edilecektir.<\/p>\r\n\r\n\r\n\r\n<p><strong>\u0130stisnalar<\/strong><\/p>\r\n\r\n\r\n\r\n<p>Baz\u0131 \u00fcr\u00fcnler, bu \u0130ade Politikas\u0131 kapsam\u0131nda iade edilemeyebilir. Bu \u00fcr\u00fcnler \u015funlar\u0131 i\u00e7erir:<\/p>\r\n\r\n\r\n\r\n<ul class=\"wp-block-list\">\r\n<li>Ki\u015fiye \u00f6zel \u00fcr\u00fcnler<\/li>\r\n\r\n\r\n\r\n<li>Kullan\u0131lm\u0131\u015f \u00fcr\u00fcnler<\/li>\r\n\r\n\r\n\r\n<li>Hasarl\u0131 \u00fcr\u00fcnler<\/li>\r\n\r\n\r\n\r\n<li>Son kullanma tarihi ge\u00e7mi\u015f \u00fcr\u00fcnler<\/li>\r\n<\/ul>\r\n\r\n\r\n\r\n<p><strong>Sorular<\/strong><\/p>\r\n\r\n\r\n\r\n<p>Bu Geri \u00d6deme ve \u0130ade Politikas\u0131yla ilgili herhangi bir sorunuz varsa, l\u00fctfen info@lofuta.com adresinden bizimle ileti\u015fime ge\u00e7mekten \u00e7ekinmeyin.<\/p>\r\n","protected":false},"excerpt":{"rendered":"<p>Giri\u015f Lofuta (&#8220;\u015eirket&#8221;, &#8220;biz&#8221;, &#8220;bizim&#8221; veya &#8220;Lofuta&#8221;), [web sitesi adresi] adresinde bulunan bir e-ticaret web sitesidir. Bu Geri \u00d6deme ve \u0130ade Politikas\u0131 (&#8220;Politika&#8221;), sizin (&#8220;kullan\u0131c\u0131&#8221;, &#8220;siz&#8221; veya &#8220;sizin&#8221;) web sitemizi kullan\u0131m\u0131n\u0131zla ilgili olarak sat\u0131n ald\u0131\u011f\u0131n\u0131z \u00fcr\u00fcnler i\u00e7in iade ve geri \u00f6deme haklar\u0131n\u0131z hakk\u0131nda bilgi verir&#8230;.<\/p>\n","protected":false},"author":1,"featured_media":0,"parent":0,"menu_order":0,"comment_status":"closed","ping_status":"closed","template":"","meta":{"inline_featured_image":false,"footnotes":""},"class_list":["post-11","page","type-page","status-publish","hentry"],"_links":{"self":[{"href":"https:\/\/lofuta.com\/en\/wp-json\/wp\/v2\/pages\/11","targetHints":{"allow":["GET"]}}],"collection":[{"href":"https:\/\/lofuta.com\/en\/wp-json\/wp\/v2\/pages"}],"about":[{"href":"https:\/\/lofuta.com\/en\/wp-json\/wp\/v2\/types\/page"}],"author":[{"embeddable":true,"href":"https:\/\/lofuta.com\/en\/wp-json\/wp\/v2\/users\/1"}],"replies":[{"embeddable":true,"href":"https:\/\/lofuta.com\/en\/wp-json\/wp\/v2\/comments?post=11"}],"version-history":[{"count":0,"href":"https:\/\/lofuta.com\/en\/wp-json\/wp\/v2\/pages\/11\/revisions"}],"wp:attachment":[{"href":"https:\/\/lofuta.com\/en\/wp-json\/wp\/v2\/media?parent=11"}],"curies":[{"name":"wp","href":"https:\/\/api.w.org\/{rel}","templated":true}]}}